{"id":10769,"date":"2026-02-25T10:29:39","date_gmt":"2026-02-25T16:29:39","guid":{"rendered":"https:\/\/biotechsa.com\/2\/?post_type=product&#038;p=10769"},"modified":"2026-03-17T09:52:24","modified_gmt":"2026-03-17T15:52:24","slug":"synolis-va-2ml-medico","status":"publish","type":"product","link":"https:\/\/biotechsa.com\/2\/producto\/synolis-va-2ml-medico\/","title":{"rendered":"SYNOLIS VA 2ml &#8211; M\u00e9dico"},"content":{"rendered":"<h2>SYNOLIS VA<\/h2>\n<p>Es un producto indicado para <strong>reducir el dolor <\/strong>y la falta de movilidad, ocasionados por cambios degenerativos en las articulaciones, es decir, la artrosis.<\/p>\n<p>Gracias a su alta concentraci\u00f3n y alto peso molecular medio del hialuronato s\u00f3dico, act\u00faa contra la <strong>artrosis sintom\u00e1tica<\/strong>. Adem\u00e1s, combinado con el sorbitol limita la degradaci\u00f3n del AH. Esta combinaci\u00f3n le da a la disoluci\u00f3n viscoel\u00e1stica la capacidad de regenerar la\u00a0<strong>lubricaci\u00f3n articular<\/strong>, as\u00ed como propiedades amortiguadoras similares a las del l\u00edquido sinovial sano.<\/p>\n<p>Se trata de una sustancia inyectable, presente en una jeringuilla de vidrio precargada de 2 ml y envasada en una cubierta protectora individual esterilizada.<\/p>\n<ul>\n<li>Formulaci\u00f3n: \u00c1cido hialur\u00f3nico al 2\u00a0% + sorbitol al 4\u00a0%<\/li>\n<li>Un gel inteligente que se inyecta en las articulaciones<\/li>\n<li>Una combinaci\u00f3n exclusiva de \u00e1cido hialur\u00f3nico y sorbitol que funciona como lubricante natural en las articulaciones artr\u00f3sicas*<\/li>\n<li><strong>Synolis VA<\/strong> 40\/80 \u2013 2 ml: 40 mg de \u00e1cido hialur\u00f3nico y 80 mg de sorbitol<\/li>\n<li>Propiedades viscoel\u00e1sticas patentadas: Synolis VA es el \u00fanico gel visco-adaptativo con la misma frecuencia de transici\u00f3n que el l\u00edquido sinovial joven y sano<\/li>\n<li>Una soluci\u00f3n innovadora: Synolis VA mantiene la integridad del cart\u00edlago in vitro y alivia el dolor en los pacientes con artrosis<sup>1<\/sup><\/li>\n<li>Un producto proporcionado por Aptissen, una empresa suiza comprometida en ayudar a los pacientes durante los \u00faltimos 25 a\u00f1os<\/li>\n<\/ul>\n<p>Nota:<\/p>\n<p>*El sorbitol es un antioxidante que se encuentra en manzanas y peras. Se utiliza en diversos productos cotidianos, como alimentos, cremas cosm\u00e9ticas, dent\u00edfricos y medicamentos. El sorbitol ayuda a conservar el \u00e1cido hialur\u00f3nico.<\/p>\n","protected":false},"excerpt":{"rendered":"<p><strong>SYNOLIS VA<\/strong> es un gel inteligente inyectable que contiene <strong>\u00e1cido hialur\u00f3nico<\/strong>\u00a0y\u00a0<strong>sorbitol<\/strong>, act\u00faa como un fluido articular joven y saludable. Los datos cl\u00ednicos demuestran un alivio significativo del dolor durante la primera semana<\/p>\n","protected":false},"featured_media":7611,"comment_status":"open","ping_status":"closed","template":"","meta":[],"product_brand":[],"product_cat":[30],"product_tag":[],"class_list":{"0":"post-10769","1":"product","2":"type-product","3":"status-publish","4":"has-post-thumbnail","6":"product_cat-acido-hialuronico","8":"first","9":"instock","10":"shipping-taxable","11":"purchasable","12":"product-type-simple"},"_links":{"self":[{"href":"https:\/\/biotechsa.com\/2\/wp-json\/wp\/v2\/product\/10769","targetHints":{"allow":["GET"]}}],"collection":[{"href":"https:\/\/biotechsa.com\/2\/wp-json\/wp\/v2\/product"}],"about":[{"href":"https:\/\/biotechsa.com\/2\/wp-json\/wp\/v2\/types\/product"}],"replies":[{"embeddable":true,"href":"https:\/\/biotechsa.com\/2\/wp-json\/wp\/v2\/comments?post=10769"}],"wp:featuredmedia":[{"embeddable":true,"href":"https:\/\/biotechsa.com\/2\/wp-json\/wp\/v2\/media\/7611"}],"wp:attachment":[{"href":"https:\/\/biotechsa.com\/2\/wp-json\/wp\/v2\/media?parent=10769"}],"wp:term":[{"taxonomy":"product_brand","embeddable":true,"href":"https:\/\/biotechsa.com\/2\/wp-json\/wp\/v2\/product_brand?post=10769"},{"taxonomy":"product_cat","embeddable":true,"href":"https:\/\/biotechsa.com\/2\/wp-json\/wp\/v2\/product_cat?post=10769"},{"taxonomy":"product_tag","embeddable":true,"href":"https:\/\/biotechsa.com\/2\/wp-json\/wp\/v2\/product_tag?post=10769"}],"curies":[{"name":"wp","href":"https:\/\/api.w.org\/{rel}","templated":true}]}}