{"id":7498,"date":"2024-04-05T17:40:49","date_gmt":"2024-04-05T17:40:49","guid":{"rendered":"https:\/\/biotechsa.com\/2\/?page_id=7498"},"modified":"2026-04-14T11:15:21","modified_gmt":"2026-04-14T17:15:21","slug":"entradas","status":"publish","type":"page","link":"https:\/\/biotechsa.com\/2\/entradas\/","title":{"rendered":"Noticias y Art\u00edculos Cient\u00edficos"},"content":{"rendered":"<div class=\"et_pb_section_0 et_pb_section et_section_regular et_block_section et_pb_section_parallax section_has_divider et_pb_bottom_divider\"><span class=\"et-pb-parallax-wrapper\"><span class=\"et-pb-parallax-background et-pb-parallax-background-module--divi-section-0\" style=\"background-image:linear-gradient(180deg, rgba(0,156,173,0.59) 0%,#304200 99% 100%), url(https:\/\/biotechsa.com\/2\/wp-content\/uploads\/2024\/12\/top-view-hands-holding-stethoscope-with-globe-scaled.jpg);background-blend-mode:multiply\"><\/span><\/span>\n<div class=\"et_pb_row_0 et_pb_row et_block_row\">\n<div class=\"et_pb_column_0 et_pb_column et_pb_column_4_4 et-last-child et_block_column et_pb_css_mix_blend_mode_passthrough\">\n<div class=\"et_pb_search_0 et_pb_search et_pb_bg_layout_light et_pb_hide_search_button et_pb_module et_block_module\"><form class=\"et_pb_searchform\" method=\"get\" role=\"search\" action=\"https:\/\/biotechsa.com\/2\/\"><div><label class=\"screen-reader-text\" for=\"s\">Search for:<\/label><input name=\"s\" class=\"et_pb_s\" type=\"text\" placeholder=\"B\u00fasqueda\" value=\"\" \/><input name=\"et_pb_searchform_submit\" type=\"hidden\" value=\"et_search_process\" \/><input name=\"et_pb_include_pages\" type=\"hidden\" value=\"yes\" \/><input name=\"et_pb_include_posts\" type=\"hidden\" value=\"yes\" \/><\/div><\/form><\/div>\n\n<div class=\"et_pb_text_0 et_pb_text et_pb_bg_layout_light et_pb_module et_block_module\"><div class=\"et_pb_text_inner\"><h1>Noticias y Art\u00edculos<\/h1>\n<\/div><\/div>\n\n<div class=\"et_pb_text_1 et_pb_text et_pb_bg_layout_light et_pb_module et_block_module et_pb_text_align_center\"><div class=\"et_pb_text_inner\"><p>\u00daltimas publicaciones<\/p>\n<\/div><\/div>\n\n<div class=\"et_pb_blog_0 et_pb_blog et_pb_bg_layout_light et_pb_posts et_pb_module\"><div class=\"et_pb_ajax_pagination_container\"><div class=\"et_pb_posts et_grid_module\"><article class=\"et_pb_post et_pb_post_id_238486 clearfix et_pb_blog_item_0_0 post-238486 post type-post status-publish format-standard has-post-thumbnail hentry category-blog tag-infecciones-periprotesicas tag-meticilina tag-staphylococcus-aureus tag-stimulan\"><div class=\"et_pb_image_container\"><a href=\"https:\/\/biotechsa.com\/2\/blog\/infecciones-periprotesicas-resistentes-a-meticilina-hasta-57-mas-costosas-que-infecciones-sensibles\/\" class=\"entry-featured-image-url\"><img loading=\"lazy\" decoding=\"async\" src=\"https:\/\/biotechsa.com\/2\/wp-content\/uploads\/2026\/04\/Artroplastia.jpg\" width=\"400\" height=\"284\" alt=\"Infecciones periprot\u00e9sicas resistentes a meticilina: hasta 57% m\u00e1s costosas que infecciones sensibles\" class=\"\" srcset=\"https:\/\/biotechsa.com\/2\/wp-content\/uploads\/2026\/04\/Artroplastia.jpg 479w, https:\/\/biotechsa.com\/2\/wp-content\/uploads\/2026\/04\/Artroplastia-400x284.jpg 480w\" sizes=\"(max-width:479px) 479px, 100vw\" \/><span data-icon=\"\ue050\" class=\"et_overlay et_pb_inline_icon\"><\/span><\/a><\/div><h2 class=\"entry-title\"><a href=\"https:\/\/biotechsa.com\/2\/blog\/infecciones-periprotesicas-resistentes-a-meticilina-hasta-57-mas-costosas-que-infecciones-sensibles\/\">Infecciones periprot\u00e9sicas resistentes a meticilina: hasta 57% m\u00e1s costosas que infecciones sensibles<\/a><\/h2><p class=\"post-meta\"><span class=\"published\">Abr 21, 2026<\/span> | <span class=\"entry-categories\"><a href=\"https:\/\/biotechsa.com\/2\/category\/blog\/\" rel=\"tag\">Blog<\/a><\/span><\/p><div class=\"post-content\"><div class=\"post-content-inner\"><p>Cada vez es mayor el n\u00famero de artroplastias realizadas a nivel mundial. De acuerdo con el Hospital Universitario de Bellvitge ubicado en Barcelona, \u201cm\u00e1s de un mill\u00f3n de estas cirug\u00edas se han realizado en las \u00faltimas d\u00e9cadas\u201d. Sin embargo, los resultados cl\u00ednicos&#8230;<\/p>\n<\/div><\/div><\/article><article class=\"et_pb_post et_pb_post_id_238480 clearfix et_pb_blog_item_0_1 post-238480 post type-post status-publish format-standard has-post-thumbnail hentry category-medicina-y-salud category-noticias tag-donald-trump tag-drogas-psicodelicas tag-salud-mental\"><div class=\"et_pb_image_container\"><a href=\"https:\/\/biotechsa.com\/2\/noticias\/drogas-psicodelicas-para-la-salud-mental\/\" class=\"entry-featured-image-url\"><img loading=\"lazy\" decoding=\"async\" src=\"https:\/\/biotechsa.com\/2\/wp-content\/uploads\/2026\/04\/Drogas.png\" width=\"400\" height=\"284\" alt=\"\u00bfDrogas psicod\u00e9licas para la salud mental?\" class=\"\" srcset=\"https:\/\/biotechsa.com\/2\/wp-content\/uploads\/2026\/04\/Drogas.png 479w, https:\/\/biotechsa.com\/2\/wp-content\/uploads\/2026\/04\/Drogas-400x284.png 480w\" sizes=\"(max-width:479px) 479px, 100vw\" \/><span data-icon=\"\ue050\" class=\"et_overlay et_pb_inline_icon\"><\/span><\/a><\/div><h2 class=\"entry-title\"><a href=\"https:\/\/biotechsa.com\/2\/noticias\/drogas-psicodelicas-para-la-salud-mental\/\">\u00bfDrogas psicod\u00e9licas para la salud mental?<\/a><\/h2><p class=\"post-meta\"><span class=\"published\">Abr 21, 2026<\/span> | <span class=\"entry-categories\"><a href=\"https:\/\/biotechsa.com\/2\/category\/medicina-y-salud\/\" rel=\"tag\">Medicina y Salud<\/a>, <a href=\"https:\/\/biotechsa.com\/2\/category\/noticias\/\" rel=\"tag\">Noticias<\/a><\/span><\/p><div class=\"post-content\"><div class=\"post-content-inner\"><p>En 2021, la Organizaci\u00f3n Mundial de la Salud comunic\u00f3 que casi mil millones de personas a nivel mundial se enfrentaban a alg\u00fan trastorno mental, siendo la depresi\u00f3n y la ansiedad de los m\u00e1s habituales. Tan solo en 2025, Mental Health America, report\u00f3 que en Estados&#8230;<\/p>\n<\/div><\/div><\/article><article class=\"et_pb_post et_pb_post_id_238474 clearfix et_pb_blog_item_0_2 post-238474 post type-post status-publish format-standard has-post-thumbnail hentry category-blog tag-alimentos-ultraprocesados tag-artrosis tag-salud-musculoesqueletica tag-synolis-va\"><div class=\"et_pb_image_container\"><a href=\"https:\/\/biotechsa.com\/2\/blog\/alimentos-ultraprocesados-salud-articular\/\" class=\"entry-featured-image-url\"><img loading=\"lazy\" decoding=\"async\" src=\"https:\/\/biotechsa.com\/2\/wp-content\/uploads\/2026\/04\/ultra.jpg\" width=\"400\" height=\"284\" alt=\"Alimentos ultraprocesados: \u00bfc\u00f3mo impactan en la salud articular?\" class=\"\" srcset=\"https:\/\/biotechsa.com\/2\/wp-content\/uploads\/2026\/04\/ultra.jpg 479w, https:\/\/biotechsa.com\/2\/wp-content\/uploads\/2026\/04\/ultra-400x284.jpg 480w\" sizes=\"(max-width:479px) 479px, 100vw\" \/><span data-icon=\"\ue050\" class=\"et_overlay et_pb_inline_icon\"><\/span><\/a><\/div><h2 class=\"entry-title\"><a href=\"https:\/\/biotechsa.com\/2\/blog\/alimentos-ultraprocesados-salud-articular\/\">Alimentos ultraprocesados: \u00bfc\u00f3mo impactan en la salud articular?<\/a><\/h2><p class=\"post-meta\"><span class=\"published\">Abr 16, 2026<\/span> | <span class=\"entry-categories\"><a href=\"https:\/\/biotechsa.com\/2\/category\/blog\/\" rel=\"tag\">Blog<\/a><\/span><\/p><div class=\"post-content\"><div class=\"post-content-inner\"><p>Los alimentos ultraprocesados son bastante comunes en el d\u00eda a d\u00eda de los mexicanos, de acuerdo con un reporte realizado por el Banco de M\u00e9xico, del 2006 al 2022 el consumo de estos alimentos aument\u00f3 en un 33.8%. Por otro lado, el Laboratorio de Datos contra la&#8230;<\/p>\n<\/div><\/div><\/article><article class=\"et_pb_post et_pb_post_id_238403 clearfix et_pb_blog_item_0_3 post-238403 post type-post status-publish format-standard has-post-thumbnail hentry category-blog\"><div class=\"et_pb_image_container\"><a href=\"https:\/\/biotechsa.com\/2\/blog\/tuberculosis-osea-tibia-tratamiento-stimulan\/\" class=\"entry-featured-image-url\"><img loading=\"lazy\" decoding=\"async\" src=\"https:\/\/biotechsa.com\/2\/wp-content\/uploads\/2026\/04\/Tibia-scaled.jpg\" width=\"400\" height=\"284\" alt=\"Tuberculosis \u00f3sea en tibia: uso de STIMULAN en su tratamiento\" class=\"\" srcset=\"https:\/\/biotechsa.com\/2\/wp-content\/uploads\/2026\/04\/Tibia-scaled.jpg 479w, https:\/\/biotechsa.com\/2\/wp-content\/uploads\/2026\/04\/Tibia-400x284.jpg 480w\" sizes=\"(max-width:479px) 479px, 100vw\" \/><span data-icon=\"\ue050\" class=\"et_overlay et_pb_inline_icon\"><\/span><\/a><\/div><h2 class=\"entry-title\"><a href=\"https:\/\/biotechsa.com\/2\/blog\/tuberculosis-osea-tibia-tratamiento-stimulan\/\">Tuberculosis \u00f3sea en tibia: uso de STIMULAN en su tratamiento<\/a><\/h2><p class=\"post-meta\"><span class=\"published\">Abr 9, 2026<\/span> | <span class=\"entry-categories\"><a href=\"https:\/\/biotechsa.com\/2\/category\/blog\/\" rel=\"tag\">Blog<\/a><\/span><\/p><div class=\"post-content\"><div class=\"post-content-inner\"><p>La tuberculosis \u00f3sea, tambi\u00e9n conocida como osteomielitis tuberculosa, es una infecci\u00f3n causada por la bacteria Mycobacterium tuberculosis, la cual, conforme a la literatura, se trata de una forma poco frecuente de tuberculosis, afectando entre el 2.2 y 4.7% de todos&#8230;<\/p>\n<\/div><\/div><\/article><article class=\"et_pb_post et_pb_post_id_238398 clearfix et_pb_blog_item_0_4 post-238398 post type-post status-publish format-standard has-post-thumbnail hentry category-medicina-y-salud category-noticias tag-dormir tag-estudio-cientifico tag-horas-de-sueno\"><div class=\"et_pb_image_container\"><a href=\"https:\/\/biotechsa.com\/2\/noticias\/dormir-menos-de-8-hrs-dana-tu-corazon\/\" class=\"entry-featured-image-url\"><img loading=\"lazy\" decoding=\"async\" src=\"https:\/\/biotechsa.com\/2\/wp-content\/uploads\/2026\/04\/Dormir-mal.jpg\" width=\"400\" height=\"284\" alt=\"Dormir menos de 8 horas puede da\u00f1ar tu coraz\u00f3n: esto necesitas saber\" class=\"\" srcset=\"https:\/\/biotechsa.com\/2\/wp-content\/uploads\/2026\/04\/Dormir-mal.jpg 479w, https:\/\/biotechsa.com\/2\/wp-content\/uploads\/2026\/04\/Dormir-mal-400x284.jpg 480w\" sizes=\"(max-width:479px) 479px, 100vw\" \/><span data-icon=\"\ue050\" class=\"et_overlay et_pb_inline_icon\"><\/span><\/a><\/div><h2 class=\"entry-title\"><a href=\"https:\/\/biotechsa.com\/2\/noticias\/dormir-menos-de-8-hrs-dana-tu-corazon\/\">Dormir menos de 8 horas puede da\u00f1ar tu coraz\u00f3n: esto necesitas saber<\/a><\/h2><p class=\"post-meta\"><span class=\"published\">Abr 8, 2026<\/span> | <span class=\"entry-categories\"><a href=\"https:\/\/biotechsa.com\/2\/category\/medicina-y-salud\/\" rel=\"tag\">Medicina y Salud<\/a>, <a href=\"https:\/\/biotechsa.com\/2\/category\/noticias\/\" rel=\"tag\">Noticias<\/a><\/span><\/p><div class=\"post-content\"><div class=\"post-content-inner\"><p>Dormir las horas adecuadas es fundamental para el buen funcionamiento del organismo. Sin embargo, factores como el estr\u00e9s, situaciones emocionales o trastornos de salud mental pueden afectar la calidad y regularidad del descanso. Recientemente, un estudio publicado en&#8230;<\/p>\n<\/div><\/div><\/article><article class=\"et_pb_post et_pb_post_id_238380 clearfix et_pb_blog_item_0_5 post-238380 post type-post status-publish format-standard has-post-thumbnail hentry category-articulos-stimulan category-blog tag-columna-vertebral tag-espondilodiscitis tag-infeccion tag-stimulan\"><div class=\"et_pb_image_container\"><a href=\"https:\/\/biotechsa.com\/2\/articulos-cientificos\/articulos-stimulan\/espondilodiscitis-stimulan-antibioticos-local\/\" class=\"entry-featured-image-url\"><img loading=\"lazy\" decoding=\"async\" src=\"https:\/\/biotechsa.com\/2\/wp-content\/uploads\/2026\/03\/patologias-de-la-columna-vertebral2.jpg\" width=\"400\" height=\"284\" alt=\"Espondilodiscitis y el papel de STIMULAN en la terapia antibi\u00f3tica local\" class=\"\" srcset=\"https:\/\/biotechsa.com\/2\/wp-content\/uploads\/2026\/03\/patologias-de-la-columna-vertebral2.jpg 479w, https:\/\/biotechsa.com\/2\/wp-content\/uploads\/2026\/03\/patologias-de-la-columna-vertebral2-400x284.jpg 480w\" sizes=\"(max-width:479px) 479px, 100vw\" \/><span data-icon=\"\ue050\" class=\"et_overlay et_pb_inline_icon\"><\/span><\/a><\/div><h2 class=\"entry-title\"><a href=\"https:\/\/biotechsa.com\/2\/articulos-cientificos\/articulos-stimulan\/espondilodiscitis-stimulan-antibioticos-local\/\">Espondilodiscitis y el papel de STIMULAN en la terapia antibi\u00f3tica local<\/a><\/h2><p class=\"post-meta\"><span class=\"published\">Mar 31, 2026<\/span> | <span class=\"entry-categories\"><a href=\"https:\/\/biotechsa.com\/2\/category\/articulos-cientificos\/articulos-stimulan\/\" rel=\"tag\">Art\u00edculos STIMULAN<\/a>, <a href=\"https:\/\/biotechsa.com\/2\/category\/blog\/\" rel=\"tag\">Blog<\/a><\/span><\/p><div class=\"post-content\"><div class=\"post-content-inner\"><p>La espondilodiscitis, tambi\u00e9n conocida como osteomielitis vertebral, es de acuerdo a los Institutos\u00a0Nacionales\u00a0de\u00a0Salud de Estados Unidos (NIH por sus siglas en ingl\u00e9s), una enfermedad rara con una tasa del 3 &#8211; 5% que se caracteriza por la infecci\u00f3n en uno o varios&#8230;<\/p>\n<\/div><\/div><\/article><\/div><div class=\"pagination clearfix\">\n\t<div class=\"alignleft\"><a href=\"https:\/\/biotechsa.com\/2\/wp-json\/wp\/v2\/pages\/7498\/page\/2\/?et_blog\">&laquo; Older Entries<\/a><\/div>\n\t<div class=\"alignright\"><\/div>\n<\/div><\/div><\/div>\n<\/div>\n<\/div>\n\n<div class=\"et_pb_row_1 et_pb_row et_pb_row_4col et_block_row et_block_row_4col\">\n<div class=\"et_pb_column_1 et_pb_column et_pb_column_1_4 et_block_column et_pb_css_mix_blend_mode_passthrough\">\n<div class=\"et_pb_blurb_0 et_pb_blurb et_pb_bg_layout_light et_pb_text_align_center et_pb_blurb_position_top et_animated et_pb_module et_block_module consulting-blurb preset--module--divi-blurb--fd9b5b45-aae0-42fb-83c0-7b0d1602fcf3\"><div class=\"et_pb_blurb_content\"><div class=\"et_pb_main_blurb_image\"><a href=\"https:\/\/biotechsa.com\/2\/articulos-cientificos\/\" target=\"_blank\"><span class=\"et_pb_image_wrap\"><span class=\"et-pb-icon et_animated et_animated\">\uf002<\/span><\/span><\/a><\/div><div class=\"et_pb_blurb_container\"><h1 class=\"et_pb_module_header\"><a href=\"https:\/\/biotechsa.com\/2\/articulos-cientificos\/\" target=\"_blank\">Art\u00edculos Cient\u00edficos<\/a><\/h1><\/div><\/div><\/div>\n<\/div>\n\n<div class=\"et_pb_column_2 et_pb_column et_pb_column_1_4 et_block_column et_pb_css_mix_blend_mode_passthrough\">\n<div class=\"et_pb_blurb_1 et_pb_blurb et_pb_bg_layout_light et_pb_text_align_center et_pb_blurb_position_top et_animated et_pb_module et_block_module consulting-blurb preset--module--divi-blurb--fd9b5b45-aae0-42fb-83c0-7b0d1602fcf3\"><div class=\"et_pb_blurb_content\"><div class=\"et_pb_main_blurb_image\"><a href=\"https:\/\/biotechsa.com\/2\/ciencia-y-tecnologia\/\" target=\"_blank\"><span class=\"et_pb_image_wrap\"><span class=\"et-pb-icon et_animated et_animated\">\ue00a<\/span><\/span><\/a><\/div><div class=\"et_pb_blurb_container\"><h1 class=\"et_pb_module_header\"><a href=\"https:\/\/biotechsa.com\/2\/ciencia-y-tecnologia\/\" target=\"_blank\">Ciencia y Tecnolog\u00eda<\/a><\/h1><\/div><\/div><\/div>\n<\/div>\n\n<div class=\"et_pb_column_3 et_pb_column et_pb_column_1_4 et_block_column et_pb_css_mix_blend_mode_passthrough\">\n<div class=\"et_pb_blurb_2 et_pb_blurb et_pb_bg_layout_light et_pb_text_align_center et_pb_blurb_position_top et_animated et_pb_module et_block_module consulting-blurb preset--module--divi-blurb--fd9b5b45-aae0-42fb-83c0-7b0d1602fcf3\"><div class=\"et_pb_blurb_content\"><div class=\"et_pb_main_blurb_image\"><a href=\"https:\/\/biotechsa.com\/2\/medicina-y-salud\/\" target=\"_blank\"><span class=\"et_pb_image_wrap\"><span class=\"et-pb-icon et_animated et_animated\">\uf469<\/span><\/span><\/a><\/div><div class=\"et_pb_blurb_container\"><h1 class=\"et_pb_module_header\"><a href=\"https:\/\/biotechsa.com\/2\/medicina-y-salud\/\" target=\"_blank\">Medicina y Salud<\/a><\/h1><\/div><\/div><\/div>\n<\/div>\n\n<div class=\"et_pb_column_4 et_pb_column et_pb_column_1_4 et-last-child et_block_column et_pb_css_mix_blend_mode_passthrough\">\n<div class=\"et_pb_blurb_3 et_pb_blurb et_pb_bg_layout_light et_pb_text_align_center et_pb_blurb_position_top et_animated et_pb_module et_block_module consulting-blurb preset--module--divi-blurb--fd9b5b45-aae0-42fb-83c0-7b0d1602fcf3\"><div class=\"et_pb_blurb_content\"><div class=\"et_pb_main_blurb_image\"><a href=\"https:\/\/biotechsa.com\/2\/blog-entradas\/\" target=\"_blank\"><span class=\"et_pb_image_wrap\"><span class=\"et-pb-icon et_animated et_animated\">\uf1ea<\/span><\/span><\/a><\/div><div class=\"et_pb_blurb_container\"><h1 class=\"et_pb_module_header\"><a href=\"https:\/\/biotechsa.com\/2\/blog-entradas\/\" target=\"_blank\">Blog<\/a><\/h1><\/div><\/div><\/div>\n<\/div>\n<\/div>\n<div class=\"et_pb_bottom_inside_divider et-no-transition\"><\/div><\/div>\n\n<div class=\"et_pb_section_1 et_pb_section et_section_regular et_block_section et_pb_section_parallax section_has_divider et_pb_top_divider et_pb_bottom_divider\" id=\"STIMULAN\"><div class=\"et_pb_top_inside_divider et-no-transition\"><\/div><span class=\"et-pb-parallax-wrapper\"><span class=\"et-pb-parallax-background et-pb-parallax-background-module--divi-section-1\" style=\"background-image:url(https:\/\/biotechsa.com\/2\/wp-content\/uploads\/2024\/12\/Cirujano-preparandose-v2.png)\"><\/span><span class=\"et_parallax_gradient\" style=\"background-image:linear-gradient(254deg, #029e4d 31%,rgba(255,255,255,0) 100%)\"><\/span><\/span>\n<div class=\"et_pb_row_2 et_pb_row et_block_row\">\n<div class=\"et_pb_column_5 et_pb_column et_pb_column_1_2 et_block_column et_pb_css_mix_blend_mode_passthrough\">\n<div class=\"et_pb_text_2 et_pb_text et_pb_bg_layout_light et_pb_module et_block_module\"><div class=\"et_pb_text_inner\"><h1>Mantente informado de las novedades m\u00e1s recientes<\/h1>\n<p>&nbsp;<\/p>\n<h3>S\u00edguenos en nuestras Redes Sociales<\/h3>\n<\/div><\/div>\n\n<ul class=\"et_pb_social_media_follow_0 et_pb_social_media_follow clearfix et_pb_bg_layout_light et_pb_module et_block_module\">\n<li class=\"et_pb_social_media_follow_network_0 et_pb_social_media_follow_network et_pb_social_icon et_pb_social_network_link et-social-facebook et_pb_module et_flex_module\"><a href=\"https:\/\/www.facebook.com\/biotechsa\/\" class=\"icon\" target=\"_self\" title=\"Follow on Facebook\" rel=\"noopener\"><span class=\"et_pb_social_media_follow_network_name\">Follow<\/span><\/a><\/li>\n\n<li class=\"et_pb_social_media_follow_network_1 et_pb_social_media_follow_network et_pb_social_icon et_pb_social_network_link et-social-twitter et_pb_module et_flex_module\"><a href=\"https:\/\/x.com\/Biotechsa\" class=\"icon\" target=\"_self\" title=\"Follow on Twitter\" rel=\"noopener\"><span class=\"et_pb_social_media_follow_network_name\">Follow<\/span><\/a><\/li>\n\n<li class=\"et_pb_social_media_follow_network_2 et_pb_social_media_follow_network et_pb_social_icon et_pb_social_network_link et-social-instagram et_pb_module et_flex_module\"><a href=\"https:\/\/www.instagram.com\/biotechsa_oficial\/\" class=\"icon\" target=\"_self\" title=\"Follow on Instagram\" rel=\"noopener\"><span class=\"et_pb_social_media_follow_network_name\">Follow<\/span><\/a><\/li>\n\n<li class=\"et_pb_social_media_follow_network_3 et_pb_social_media_follow_network et_pb_social_icon et_pb_social_network_link et-social-youtube et_pb_module et_flex_module\"><a href=\"https:\/\/www.youtube.com\/@biotechsaoficial\/\" class=\"icon\" target=\"_self\" title=\"Follow on Youtube\" rel=\"noopener\"><span class=\"et_pb_social_media_follow_network_name\">Follow<\/span><\/a><\/li>\n\n<li class=\"et_pb_social_media_follow_network_4 et_pb_social_media_follow_network et_pb_social_icon et_pb_social_network_link et-social-linkedin et_pb_module et_flex_module\"><a href=\"https:\/\/www.linkedin.com\/company\/18774938\/\" class=\"icon\" target=\"_self\" title=\"Follow on Linkedin\" rel=\"noopener\"><span class=\"et_pb_social_media_follow_network_name\">Follow<\/span><\/a><\/li>\n<\/ul>\n<\/div>\n\n<div class=\"et_pb_column_6 et_pb_column et_pb_column_1_2 et-last-child et_block_column et_pb_css_mix_blend_mode_passthrough\">\n<div class=\"et_pb_contact_form_0 et_pb_contact_form_container et_pb_text_align_left clearfix et_pb_module et_flex_module\" data-form_unique_num=\"0\" data-form_unique_id=\"7067d836e5cc6b8d0df5f1ee01accc26\" id=\"et_pb_contact_form_7067d836e5cc6b8d0df5f1ee01accc26\"><h1 class=\"et_pb_contact_main_title\">Suscr\u00edbete a nuestro bolet\u00edn<\/h1><div class=\"et-pb-contact-message\"><\/div><div class=\"et_pb_contact\"><form class=\"et_pb_contact_form et_flex_module\" method=\"post\" action=\"https:\/\/biotechsa.com\/2\/wp-json\/wp\/v2\/pages\/7498\">\n<div class=\"et_pb_contact_field_0 et_pb_contact_field et_pb_module et_flex_module et_flex_column_24_24 et_flex_column_24_24_tablet et_flex_column_24_24_phone\" data-id=\"nombre\" data-type=\"input\"><label class=\"et_pb_contact_form_label\" for=\"et_pb_contact_0_nombre_0\">Nombre<\/label><input type=\"text\" name=\"et_pb_contact_0_nombre_0\" id=\"et_pb_contact_0_nombre_0\" class=\"input\" data-required_mark=\"required\" data-field_type=\"input\" data-original_id=\"nombre\" placeholder=\"Nombre\" title=\"\" value=\"\" \/><\/div>\n\n<div class=\"et_pb_contact_field_1 et_pb_contact_field et_pb_module et_flex_module et_flex_column_12_24 et_flex_column_12_24_tablet et_flex_column_12_24_phone\" data-id=\"email\" data-type=\"email\"><label class=\"et_pb_contact_form_label\" for=\"et_pb_contact_0_email_1\">Correo electr\u00f3nico<\/label><input type=\"text\" name=\"et_pb_contact_0_email_1\" id=\"et_pb_contact_0_email_1\" class=\"input\" data-required_mark=\"required\" data-field_type=\"email\" data-original_id=\"email\" placeholder=\"Correo electr\u00f3nico\" title=\"\" value=\"\" \/><\/div>\n<input type=\"hidden\" name=\"et_pb_contactform_submit_7067d836e5cc6b8d0df5f1ee01accc26\" value=\"et_contact_proccess\" \/><div class=\"et_contact_bottom_container\"><div class=\"et_pb_contact_right et_pb_contact_field\"><p class=\"clearfix\"><label><span class=\"et_pb_contact_captcha_question\">6 + 13<\/span> = <input type=\"text\" size=\"2\" class=\"input et_pb_contact_captcha\" data-first_digit=\"6\" data-second_digit=\"13\" data-required_mark=\"required\" name=\"et_pb_contact_captcha_7067d836e5cc6b8d0df5f1ee01accc26\" autocomplete=\"off\" \/><\/label><\/p><\/div><div class=\"et_pb_button_wrapper\"><button type=\"submit\" name=\"et_builder_submit_button\" class=\"et_pb_button et_pb_contact_submit\">Enviar mi mensaje<\/button><\/div><\/div><input type=\"hidden\" id=\"_wpnonce-et-pb-contact-form-submitted-7067d836e5cc6b8d0df5f1ee01accc26\" name=\"_wpnonce-et-pb-contact-form-submitted-7067d836e5cc6b8d0df5f1ee01accc26\" value=\"5549ff0f24\" \/><input type=\"hidden\" name=\"_wp_http_referer\" value=\"\/2\/wp-json\/wp\/v2\/pages\/7498\" \/><\/form><\/div><\/div>\n<\/div>\n<\/div>\n<div class=\"et_pb_bottom_inside_divider et-no-transition\"><\/div><\/div>","protected":false},"excerpt":{"rendered":"","protected":false},"author":92,"featured_media":0,"parent":0,"menu_order":0,"comment_status":"closed","ping_status":"closed","template":"","meta":{"footnotes":""},"class_list":["post-7498","page","type-page","status-publish","hentry"],"_links":{"self":[{"href":"https:\/\/biotechsa.com\/2\/wp-json\/wp\/v2\/pages\/7498","targetHints":{"allow":["GET"]}}],"collection":[{"href":"https:\/\/biotechsa.com\/2\/wp-json\/wp\/v2\/pages"}],"about":[{"href":"https:\/\/biotechsa.com\/2\/wp-json\/wp\/v2\/types\/page"}],"author":[{"embeddable":true,"href":"https:\/\/biotechsa.com\/2\/wp-json\/wp\/v2\/users\/92"}],"replies":[{"embeddable":true,"href":"https:\/\/biotechsa.com\/2\/wp-json\/wp\/v2\/comments?post=7498"}],"version-history":[{"count":5,"href":"https:\/\/biotechsa.com\/2\/wp-json\/wp\/v2\/pages\/7498\/revisions"}],"predecessor-version":[{"id":238463,"href":"https:\/\/biotechsa.com\/2\/wp-json\/wp\/v2\/pages\/7498\/revisions\/238463"}],"wp:attachment":[{"href":"https:\/\/biotechsa.com\/2\/wp-json\/wp\/v2\/media?parent=7498"}],"curies":[{"name":"wp","href":"https:\/\/api.w.org\/{rel}","templated":true}]}}