{"id":6087,"date":"2022-12-20T21:58:48","date_gmt":"2022-12-20T21:58:48","guid":{"rendered":"https:\/\/biotechsa.com\/2\/?page_id=6087"},"modified":"2026-03-10T13:03:18","modified_gmt":"2026-03-10T19:03:18","slug":"preguntas-frecuentes","status":"publish","type":"page","link":"https:\/\/biotechsa.com\/2\/preguntas-frecuentes\/","title":{"rendered":"Preguntas Frecuentes"},"content":{"rendered":"\n<div class=\"et_pb_section_0 et_pb_section et_pb_fullwidth_section et_section_regular et_block_section et_animated section_has_divider et_pb_top_divider\"><div class=\"et_pb_top_inside_divider et-no-transition\"><\/div><\/div><div class=\"et_pb_section_1 et_pb_section et_section_regular et_block_section\"><div class=\"et_pb_row_0 et_pb_row et_block_row\"><div class=\"et_pb_column_0 et_pb_column et_pb_column_4_4 et-last-child et_block_column et_pb_css_mix_blend_mode_passthrough\"><div class=\"et_pb_text_0 et_pb_text et_pb_bg_layout_light et_pb_module et_block_module et_pb_text_align_center\"><div class=\"et_pb_text_inner\"><p>Preguntas Frecuentes<\/p>\n<\/div><\/div><\/div><\/div><div class=\"et_pb_row_1 et_pb_row et_block_row\"><div class=\"et_pb_column_1 et_pb_column et_pb_column_4_4 et-last-child et_block_column et_pb_css_mix_blend_mode_passthrough\"><div class=\"et_pb_toggle_0 et_pb_toggle et_pb_toggle_item et_pb_toggle_close et_pb_module et_block_module\"><h5 class=\"et_pb_toggle_title\">\u00bfQu\u00e9 es SYNOLIS VA?<\/h5><div class=\"et_pb_toggle_content clearfix\"><p style=\"text-align: justify;\">Synolis es un viscosuplemento dise\u00f1ado para un tratamiento flexible para todos los pacientes que sufren de osteoartritis al imitar las propiedades de un l\u00edquido sinovial joven y saludable. Synolis es un gel compuesto por un 2% de HA no reticulado altamente purificado con un 4% de Sorbitol.<\/p>\n<p style=\"text-align: justify;\">La viscosuplementaci\u00f3n (VS) o inyecciones intraarticulares de Synolis es un tratamiento sintom\u00e1tico de la artrosis que reduce el dolor y restaura la movilidad en la articulaci\u00f3n sinovial afectada. Por lo tanto, Synolis reduce el dolor local y las molestias causadas por la OA sintom\u00e1tica y mejora la movilidad de las articulaciones sinoviales.<\/p>\n<\/div><\/div><div class=\"et_pb_toggle_1 et_pb_toggle et_pb_toggle_item et_pb_toggle_close et_pb_module et_block_module\"><h5 class=\"et_pb_toggle_title\">\u00bfPor qu\u00e9 la combinaci\u00f3n de \u00e1cido hialur\u00f3nico y sorbitol?<\/h5><div class=\"et_pb_toggle_content clearfix\"><p style=\"text-align: justify;\">En las articulaciones saludables, el \u00e1cido hialur\u00f3nico (HA o NaHA) en el l\u00edquido sinovial se descompone y reemplaza constantemente en el cuerpo. En la osteoartritis, la descomposici\u00f3n se produce por oxidantes como especies reactivas de ox\u00edgeno (ROS) o por hialuronidasas. Este proceso es m\u00e1s r\u00e1pido que el reemplazo, lo que da como resultado un l\u00edquido sinovial menos viscoso que no funciona correctamente.<\/p>\n<p style=\"text-align: justify;\">El principal inter\u00e9s de Sorbitol es proteger el NaHA durante la vida \u00fatil y despu\u00e9s de la inyecci\u00f3n contra la degradaci\u00f3n prematura debido a la inflamaci\u00f3n circundante y los radicales libres. Aunque el \u00e1cido hialur\u00f3nico no est\u00e1 reticulado, Synolis es un gel estable debido a la fuerte afinidad entre el Sorbitol y el \u00e1cido hialur\u00f3nico. Debido a la gran cantidad de enlaces de hidr\u00f3geno creados por la mezcla de NaHA y Sorbitol, el gel no se disuelve inmediatamente como otros NaHA lineales.<\/p>\n<p style=\"text-align: justify;\">Se sabe que el sorbitol es un antioxidante de gran rendimiento en la familia de los polioles m\u00e1s que el manitol o el glicerol. Sorbitol protege el \u00e1cido hialur\u00f3nico contra la degradaci\u00f3n prematura. El efecto higrosc\u00f3pico del Sorbitol potencia el poder hidratante del \u00e1cido hialur\u00f3nico. Al preservar la viscosidad y la elasticidad, el Sorbitol permite que el \u00e1cido hialur\u00f3nico tenga un mejor desempe\u00f1o, como alta lubricaci\u00f3n, restauraci\u00f3n de las propiedades viscoel\u00e1sticas de un l\u00edquido sinovial saludable y una mejor absorci\u00f3n de impactos.<\/p>\n<\/div><\/div><div class=\"et_pb_toggle_2 et_pb_toggle et_pb_toggle_item et_pb_toggle_close et_pb_module et_block_module\"><h5 class=\"et_pb_toggle_title\">\u00bfCu\u00e1nto cuesta un tratamiento con SYNOLIS VA?<\/h5><div class=\"et_pb_toggle_content clearfix\"><p>Los costes de un tratamiento con Synolis var\u00edan seg\u00fan la indicaci\u00f3n y el r\u00e9gimen de inyecci\u00f3n.<\/p>\n<p>Por favor consulte con su profesional <a href=\"https:\/\/biotechsa.com\/2\/medicos-especialistas-en-infiltracion-de-acido-hialuronico\/\" target=\"_blank\" rel=\"noopener\">m\u00e9dico.<\/a><\/p>\n<\/div><\/div><div class=\"et_pb_toggle_3 et_pb_toggle et_pb_toggle_item et_pb_toggle_close et_pb_module et_block_module\"><h5 class=\"et_pb_toggle_title\">\u00bfCu\u00e1ntas inyecciones de SYNOLIS VA necesito?<\/h5><div class=\"et_pb_toggle_content clearfix\"><p style=\"text-align: justify;\">El tratamiento debe adaptarse en funci\u00f3n del diagn\u00f3stico radiol\u00f3gico y m\u00e9dico. Los datos cl\u00ednicos disponibles han demostrado el rendimiento de diferentes reg\u00edmenes de inyecci\u00f3n en funci\u00f3n de la gravedad de la osteoartritis. El m\u00e9dico tratante discutir\u00e1 las diferentes opciones de tratamiento durante la consulta con usted.<\/p>\n<p style=\"text-align: justify;\">Encontrar <a href=\"https:\/\/biotechsa.com\/2\/medicos-especialistas-en-infiltracion-de-acido-hialuronico\/\" target=\"_blank\" rel=\"noopener\">centro de tratamiento<\/a><\/p>\n<\/div><\/div><div class=\"et_pb_toggle_4 et_pb_toggle et_pb_toggle_item et_pb_toggle_close et_pb_module et_block_module\"><h5 class=\"et_pb_toggle_title\">\u00bfSYNOLIS VA funciona?<\/h5><div class=\"et_pb_toggle_content clearfix\"><p style=\"text-align: justify;\">Synolis ha sido apreciado por pacientes y usuarios en m\u00e1s de 50 pa\u00edses durante muchos a\u00f1os. Aptissen SA, el fabricante de Synolis, con sede en Suiza, pone un gran \u00e9nfasis en la m\u00e1s alta calidad. El modo de acci\u00f3n y los efectos de un tratamiento con Synolis son objeto de numerosos estudios cl\u00ednicos y publicaciones. Haga <a href=\"https:\/\/biotechsa.com\/2\/category\/synolis-va\/\" target=\"_blank\" rel=\"noopener\">clic aqu\u00ed<\/a> para ver un extracto de los art\u00edculos cl\u00ednicos y descubra lo que dicen los pacientes sobre Synolis <a href=\"https:\/\/biotechsa.com\/2\/category\/synolis-va\/\" target=\"_blank\" rel=\"noopener\">aqu\u00ed .<\/a><\/p>\n<\/div><\/div><div class=\"et_pb_toggle_5 et_pb_toggle et_pb_toggle_item et_pb_toggle_close et_pb_module et_block_module\"><h5 class=\"et_pb_toggle_title\">\u00bfEs doloroso el tratamiento SYNOLIS VA?<\/h5><div class=\"et_pb_toggle_content clearfix\"><p>El tratamiento Synolis es realizado exclusivamente por profesionales m\u00e9dicos. En general, no es necesaria la anestesia local.<\/p>\n<\/div><\/div><div class=\"et_pb_toggle_6 et_pb_toggle et_pb_toggle_item et_pb_toggle_close et_pb_module et_block_module\"><h5 class=\"et_pb_toggle_title\">\u00bfQu\u00e9 condiciones son tratadas con SYNOLIS VA?<\/h5><div class=\"et_pb_toggle_content clearfix\"><p style=\"text-align: justify;\">Synolis est\u00e1 indicado para reducir el dolor y mejorar la movilidad debido a cambios degenerativos en la rodilla y otras articulaciones sinoviales relacionados con la osteoartritis.<\/p>\n<\/div><\/div><div class=\"et_pb_toggle_7 et_pb_toggle et_pb_toggle_item et_pb_toggle_close et_pb_module et_block_module\"><h5 class=\"et_pb_toggle_title\">\u00bfQu\u00e9 tan r\u00e1pido funciona SYNOLIS VA?<\/h5><div class=\"et_pb_toggle_content clearfix\"><p>Los estudios cl\u00ednicos han demostrado una reducci\u00f3n del dolor y una mejora de la movilidad a los pocos d\u00edas de tratamiento.<\/p>\n<p><a href=\"https:\/\/biotechsa.com\/2\/category\/synolis-va\/\" target=\"_blank\" rel=\"noopener\">Aprende m\u00e1s<\/a><\/p>\n<\/div><\/div><div class=\"et_pb_toggle_8 et_pb_toggle et_pb_toggle_item et_pb_toggle_close et_pb_module et_block_module\"><h5 class=\"et_pb_toggle_title\">\u00bfQu\u00e9 es el \u00e1cido hialur\u00f3nico?<\/h5><div class=\"et_pb_toggle_content clearfix\"><p style=\"text-align: justify;\">El \u00e1cido hialur\u00f3nico es el componente m\u00e1s importante del l\u00edquido sinovial y act\u00faa como lubricante articular y amortiguador. El l\u00edquido sinovial se encuentra en el espacio articular y protege el cart\u00edlago y el hueso. El \u00e1cido hialur\u00f3nico inyectado repone el l\u00edquido sinovial y reemplaza el \u00e1cido hialur\u00f3nico modificado, ayudando a lubricar la articulaci\u00f3n y aliviar los s\u00edntomas. Synolis consiste en un 2% de \u00e1cido hialur\u00f3nico no animal no reticulado.<\/p>\n<\/div><\/div><div class=\"et_pb_toggle_9 et_pb_toggle et_pb_toggle_item et_pb_toggle_close et_pb_module et_block_module\"><h5 class=\"et_pb_toggle_title\">\u00bfQu\u00e9 es el sorbitol?<\/h5><div class=\"et_pb_toggle_content clearfix\"><p style=\"text-align: justify;\">Durante la fase de dise\u00f1o de Synolis, busc\u00e1bamos un antioxidante fuerte para proteger el \u00e1cido hialur\u00f3nico contra la degradaci\u00f3n prematura. Se sabe que el sorbitol es un antioxidante de gran rendimiento en la familia de los polioles m\u00e1s que el manitol o el glicerol. El efecto higrosc\u00f3pico del Sorbitol potencia el poder hidratante del \u00e1cido hialur\u00f3nico. Al preservar la viscosidad y la elasticidad, el sorbitol permite que el \u00e1cido hialur\u00f3nico tenga un mejor desempe\u00f1o, como una alta lubricaci\u00f3n, la restauraci\u00f3n de las propiedades viscoel\u00e1sticas de un l\u00edquido sinovial saludable y una mejor absorci\u00f3n de impactos.<\/p>\n<p style=\"text-align: justify;\">Sorbitol se beneficia de registros m\u00e9dicos muy largos y positivos. Se puede encontrar naturalmente en muchas frutas y bayas frescas, pero tambi\u00e9n se puede producir por hidrogenaci\u00f3n de glucosa en cuerpos animales y humanos. Synolis contiene 4% de sorbitol.<\/p>\n<\/div><\/div><div class=\"et_pb_toggle_10 et_pb_toggle et_pb_toggle_item et_pb_toggle_close et_pb_module et_block_module\"><h5 class=\"et_pb_toggle_title\">\u00bfQui\u00e9n esta tratando con SYNOLIS VA?<\/h5><div class=\"et_pb_toggle_content clearfix\"><p style=\"text-align: justify;\">Los tratamientos Synolis son realizados exclusivamente por profesionales m\u00e9dicos, por ejemplo, ortopedistas, reumat\u00f3logos, m\u00e9dicos deportivos. Antes del tratamiento, el m\u00e9dico de su elecci\u00f3n realizar\u00e1 un diagn\u00f3stico b\u00e1sico y presentar\u00e1 un concepto de tratamiento individual. Visite Encuentre un <a href=\"https:\/\/biotechsa.com\/2\/category\/synolis-va\/\" target=\"_blank\" rel=\"noopener\">centro de tratamiento<\/a> para ponerse en contacto con nuestros proveedores.<\/p>\n<\/div><\/div><div class=\"et_pb_toggle_11 et_pb_toggle et_pb_toggle_item et_pb_toggle_close et_pb_module et_block_module\"><h5 class=\"et_pb_toggle_title\">\u00bfSYNOLIS VA esta disponible en mi pa\u00eds?<\/h5><div class=\"et_pb_toggle_content clearfix\"><p>Synolis est\u00e1 disponible en m\u00e1s de 50 pa\u00edses en todo el mundo, sin embargo, nosotros lo distribu\u00edmos \u00fanicamente en M\u00e9xico.\u00a0<\/p>\n<\/div><\/div><div class=\"et_pb_toggle_12 et_pb_toggle et_pb_toggle_item et_pb_toggle_close et_pb_module et_block_module\"><h5 class=\"et_pb_toggle_title\">\u00bfQu\u00e9 es la osteoartritis?<\/h5><div class=\"et_pb_toggle_content clearfix\"><p style=\"text-align: justify;\">La osteoartritis es una enfermedad articular cr\u00f3nica que est\u00e1 relacionada con la ruptura del cart\u00edlago y puede ocurrir en casi cualquier articulaci\u00f3n del cuerpo (principalmente las que soportan peso, como la rodilla y la cadera). Los ancianos no son los \u00fanicos afectados por la artrosis. Aunque es m\u00e1s frecuente en personas de edad avanzada, los deportistas y los m\u00e1s j\u00f3venes tambi\u00e9n son susceptibles de padecer artrosis.<\/p>\n<\/div><\/div><div class=\"et_pb_toggle_13 et_pb_toggle et_pb_toggle_item et_pb_toggle_close et_pb_module et_block_module\"><h5 class=\"et_pb_toggle_title\">Recib\u00ed otro producto anteriormente; \u00bfPuedo cambiarme a SYNOLIS VA?<\/h5><div class=\"et_pb_toggle_content clearfix\"><p>Consulte con su proveedor m\u00e9dico si es elegible para un tratamiento con Synolis.<\/p>\n<p><a href=\"https:\/\/biotechsa.com\/2\/medicos-especialistas-en-infiltracion-de-acido-hialuronico\/\" target=\"_blank\" rel=\"noopener\">Encontrar centro de tratamiento<\/a><\/p>\n<\/div><\/div><div class=\"et_pb_toggle_14 et_pb_toggle et_pb_toggle_item et_pb_toggle_close et_pb_module et_block_module\"><h5 class=\"et_pb_toggle_title\">\u00bfCu\u00e1l es la consistencia de SYNOLIS VA? (Gel viscoel\u00e1stico)<\/h5><div class=\"et_pb_toggle_content clearfix\"><p style=\"text-align: justify;\">Synolis fue dise\u00f1ado para proporcionar las propiedades exactas de un l\u00edquido articular joven y saludable.<\/p>\n<p style=\"text-align: justify;\">La funci\u00f3n del l\u00edquido sinovial es absorber los golpes durante el movimiento y proporcionar lubricaci\u00f3n en reposo. Por ello, el estado del l\u00edquido sinovial debe poder adaptarse: el\u00e1stico en movimiento, viscoso en reposo. La transici\u00f3n de viscoso a el\u00e1stico se produce a una frecuencia de 0,4 Hz de un l\u00edquido sinovial joven y sano. El l\u00edquido articular artr\u00edtico ya no puede adaptarse a los requisitos y surgen los s\u00edntomas t\u00edpicos como dolor y movilidad limitada.<\/p>\n<\/div><\/div><div class=\"et_pb_toggle_15 et_pb_toggle et_pb_toggle_item et_pb_toggle_close et_pb_module et_block_module\"><h5 class=\"et_pb_toggle_title\">\u00bfDe donde viene el dolor en las articulaciones?<\/h5><div class=\"et_pb_toggle_content clearfix\"><p style=\"text-align: justify;\">La osteoartritis es una enfermedad articular cr\u00f3nica que est\u00e1 relacionada con la ruptura del cart\u00edlago y puede ocurrir en casi cualquier articulaci\u00f3n del cuerpo (principalmente las que soportan peso, como la rodilla y la cadera). Las personas de la terecera edad no son las \u00fanicos afectados por la artrosis. Aunque es m\u00e1s com\u00fan en adultos mayores, los deportistas y los m\u00e1s j\u00f3venes tambi\u00e9n son susceptibles de padecer artrosis.<\/p>\n<p style=\"text-align: justify;\">Puede experimentar dolores en las articulaciones, dolor, rigidez o incluso hinchaz\u00f3n de las articulaciones. Los s\u00edntomas de la artrosis suelen desarrollarse gradualmente con el tiempo; aunque no existe una cura, existen diferentes tratamientos disponibles para aliviar su dolor y restaurar su movilidad.<\/p>\n<\/div><\/div><div class=\"et_pb_toggle_16 et_pb_toggle et_pb_toggle_item et_pb_toggle_close et_pb_module et_block_module\"><h5 class=\"et_pb_toggle_title\">\u00bfQui\u00e9n es el fabricante de SYNOLIS VA?<\/h5><div class=\"et_pb_toggle_content clearfix\"><p>Synolis es fabricado por el laboratorio suizo Aptissen.<\/p>\n<\/div><\/div><div class=\"et_pb_toggle_17 et_pb_toggle et_pb_toggle_item et_pb_toggle_close et_pb_module et_block_module\"><h5 class=\"et_pb_toggle_title\">Sufro de diabetes, \u00bfPuedo ponerme una inyecci\u00f3n de SYNOLIS VA?<\/h5><div class=\"et_pb_toggle_content clearfix\"><p style=\"text-align: justify;\">El sorbitol pasa a trav\u00e9s de la membrana sinovial al torrente sangu\u00edneo, a menos que sea retenido por HA, y es metabolizado por el h\u00edgado como fructosa que es altamente tolerada por los pacientes diab\u00e9ticos. Luego, es eliminado por la sorbitol deshidrogenasa hep\u00e1tica.<\/p>\n<\/div><\/div><div class=\"et_pb_toggle_18 et_pb_toggle et_pb_toggle_item et_pb_toggle_close et_pb_module et_block_module\"><h5 class=\"et_pb_toggle_title\">\u00bfCu\u00e1l es la diferencia con otros viscosuplementos? \/ \u00bfPor qu\u00e9 elegir SYNOLIS VA?<\/h5><div class=\"et_pb_toggle_content clearfix\"><p style=\"text-align: justify;\">Hay numerosos productos de viscosuplementos disponibles en todo el mundo. Estos var\u00edan mucho en composici\u00f3n, volumen e ingredientes. Desafortunadamente, los datos cl\u00ednicos son limitados para muchos productos disponibles. Los compuestos qu\u00edmicos de Synolis no son de origen animal y, por lo tanto, no conllevan riesgo de reacciones al\u00e9rgicas. La composici\u00f3n de Synolis radica en su capacidad para imitar un gel con las propiedades exactas de un l\u00edquido sinovial joven y saludable. Synolis es objeto de numerosos estudios cl\u00ednicos<\/p>\n<p style=\"text-align: justify;\"><a href=\"https:\/\/biotechsa.com\/2\/category\/synolis-va\/\" target=\"_blank\" rel=\"noopener\">M\u00e1s informaci\u00f3n .<\/a><\/p>\n<\/div><\/div><\/div><\/div><\/div>\n","protected":false},"excerpt":{"rendered":"","protected":false},"author":2,"featured_media":0,"parent":0,"menu_order":0,"comment_status":"closed","ping_status":"closed","template":"","meta":{"footnotes":""},"class_list":["post-6087","page","type-page","status-publish","hentry"],"_links":{"self":[{"href":"https:\/\/biotechsa.com\/2\/wp-json\/wp\/v2\/pages\/6087","targetHints":{"allow":["GET"]}}],"collection":[{"href":"https:\/\/biotechsa.com\/2\/wp-json\/wp\/v2\/pages"}],"about":[{"href":"https:\/\/biotechsa.com\/2\/wp-json\/wp\/v2\/types\/page"}],"author":[{"embeddable":true,"href":"https:\/\/biotechsa.com\/2\/wp-json\/wp\/v2\/users\/2"}],"replies":[{"embeddable":true,"href":"https:\/\/biotechsa.com\/2\/wp-json\/wp\/v2\/comments?post=6087"}],"version-history":[{"count":1,"href":"https:\/\/biotechsa.com\/2\/wp-json\/wp\/v2\/pages\/6087\/revisions"}],"predecessor-version":[{"id":11269,"href":"https:\/\/biotechsa.com\/2\/wp-json\/wp\/v2\/pages\/6087\/revisions\/11269"}],"wp:attachment":[{"href":"https:\/\/biotechsa.com\/2\/wp-json\/wp\/v2\/media?parent=6087"}],"curies":[{"name":"wp","href":"https:\/\/api.w.org\/{rel}","templated":true}]}}