{"id":529,"date":"2020-03-12T18:28:50","date_gmt":"2020-03-12T18:28:50","guid":{"rendered":"https:\/\/biotechsa.com\/2\/?page_id=529"},"modified":"2026-04-14T11:35:45","modified_gmt":"2026-04-14T17:35:45","slug":"synolis-va","status":"publish","type":"page","link":"https:\/\/biotechsa.com\/2\/synolis-va\/","title":{"rendered":"SYNOLIS VA \u00ae"},"content":{"rendered":"<div class=\"et_pb_section_0 et_pb_section et_section_regular et_block_section et_animated et_pb_section_parallax section_has_divider et_pb_bottom_divider\"><span class=\"et-pb-parallax-wrapper\"><span class=\"et-pb-parallax-background et-pb-parallax-background--css et-pb-parallax-background-module--divi-section-0\" style=\"background-image:url(https:\/\/biotechsa.com\/2\/wp-content\/uploads\/2026\/02\/Corredor-2.png)\"><\/span><span class=\"et_parallax_gradient et_pb_parallax_css\" style=\"background-image:linear-gradient(90deg, rgba(0,0,0,0.86) 0%,rgba(0,0,0,0) 100%)\"><\/span><\/span>\n<div class=\"et_pb_row_0 et_pb_row et_pb_row_3-4_1-4 et_block_row et_block_row_3-4_1-4\">\n<div class=\"et_pb_column_0 et_pb_column et_pb_column_3_4 et_block_column et_pb_css_mix_blend_mode_passthrough\">\n<div class=\"et_pb_text_0 et_pb_text et_pb_bg_layout_dark et_animated et_pb_module et_block_module\"><div class=\"et_pb_text_inner\"><h1><span style=\"color: #ff9900;\">Synolis VA<\/span><\/h1>\n<h4><span style=\"color: #ffffff;\"><strong>2% de \u00c1cido Hialur\u00f3nico + 4% de Sorbitol<\/strong><\/span><\/h4>\n<\/div><\/div>\n\n<div class=\"et_pb_divider_0 et_pb_divider et_pb_space et_pb_divider_position_top et_animated et_pb_module\"><div class=\"et_pb_divider_internal\"><\/div><\/div>\n\n<div class=\"et_pb_text_1 et_pb_text et_pb_bg_layout_dark et_animated et_pb_module et_block_module\"><div class=\"et_pb_text_inner\"><p><strong> Su f\u00f3rmula \u00fanica, coadyuva en el tratamiento de la osteoartrosis por hasta 6 meses<\/strong><br \/>Alivia el malestar causado por el desgaste articular desde la primera semana de aplicaci\u00f3n<\/p>\n<\/div><\/div>\n\n<div class=\"et_pb_module et_pb_button_module_wrapper et_pb_button_0_wrapper\"><a class=\"et_pb_button_0 et_pb_button et_pb_bg_layout_dark et_animated et_pb_module et_block_module\" href=\"https:\/\/biotechsa.com\/2\/wp-content\/uploads\/2026\/02\/Folleto-Paciente-Synolis-v2.pdf\" target=\"_blank\" data-icon=\"$\">Descarga el folleto<\/a><\/div>\n<\/div>\n\n<div class=\"et_pb_column_1 et_pb_column et_pb_column_1_4 et-last-child et_block_column et_pb_column_empty et_pb_css_mix_blend_mode_passthrough\"><\/div>\n<\/div>\n<div class=\"et_pb_bottom_inside_divider et-no-transition\"><\/div><\/div>\n\n<div class=\"et_pb_section_1 et_pb_section et_section_regular et_block_section\" id=\"overview\">\n<div class=\"et_pb_row_1 et_pb_row et_block_row\">\n<div class=\"et_pb_column_2 et_pb_column et_pb_column_1_2 et_block_column et_pb_css_mix_blend_mode_passthrough\">\n<div class=\"et_pb_wc_images_0 et_pb_wc_images et_pb_module\"><div class=\"et_pb_module_inner\"><div data-product-id=\"10766\" class=\"woocommerce-product-gallery woocommerce-product-gallery--with-images woocommerce-product-gallery--columns-4 images\" data-columns=\"4\" style=\"opacity: 0; transition: opacity .25s ease-in-out;\">\n\t<div class=\"woocommerce-product-gallery__wrapper\">\n\t\t<div data-thumb=\"https:\/\/biotechsa.com\/2\/wp-content\/uploads\/2024\/04\/Synolis_Rojo-transformed-100x100.png\" data-thumb-alt=\"SYNOLIS VA 4ml - M\u00e9dico\" data-thumb-srcset=\"\"  data-thumb-sizes=\"\" class=\"woocommerce-product-gallery__image\"><a href=\"https:\/\/biotechsa.com\/2\/wp-content\/uploads\/2024\/04\/Synolis_Rojo-transformed.png\"><img loading=\"lazy\" decoding=\"async\" width=\"600\" height=\"390\" src=\"https:\/\/biotechsa.com\/2\/wp-content\/uploads\/2024\/04\/Synolis_Rojo-transformed-600x390.png\" class=\"wp-post-image\" alt=\"SYNOLIS VA 4ml - M\u00e9dico\" data-caption=\"\" data-src=\"https:\/\/biotechsa.com\/2\/wp-content\/uploads\/2024\/04\/Synolis_Rojo-transformed.png\" data-large_image=\"https:\/\/biotechsa.com\/2\/wp-content\/uploads\/2024\/04\/Synolis_Rojo-transformed.png\" data-large_image_width=\"4920\" data-large_image_height=\"3200\" \/><\/a><\/div><div data-thumb=\"https:\/\/biotechsa.com\/2\/wp-content\/uploads\/2021\/09\/Gel-SYNOLIS-VA-biotechsa-mexico-100x100.jpg\" data-thumb-alt=\"SYNOLIS VA 4ml - M\u00e9dico - Image 2\" data-thumb-srcset=\"\"  data-thumb-sizes=\"\" class=\"woocommerce-product-gallery__image\"><a href=\"https:\/\/biotechsa.com\/2\/wp-content\/uploads\/2021\/09\/Gel-SYNOLIS-VA-biotechsa-mexico.jpg\"><img loading=\"lazy\" decoding=\"async\" width=\"512\" height=\"453\" src=\"https:\/\/biotechsa.com\/2\/wp-content\/uploads\/2021\/09\/Gel-SYNOLIS-VA-biotechsa-mexico.jpg\" class=\"\" alt=\"SYNOLIS VA 4ml - M\u00e9dico - Image 2\" data-caption=\"\" data-src=\"https:\/\/biotechsa.com\/2\/wp-content\/uploads\/2021\/09\/Gel-SYNOLIS-VA-biotechsa-mexico.jpg\" data-large_image=\"https:\/\/biotechsa.com\/2\/wp-content\/uploads\/2021\/09\/Gel-SYNOLIS-VA-biotechsa-mexico.jpg\" data-large_image_width=\"512\" data-large_image_height=\"453\" srcset=\"https:\/\/biotechsa.com\/2\/wp-content\/uploads\/2021\/09\/Gel-SYNOLIS-VA-biotechsa-mexico.jpg 512w, https:\/\/biotechsa.com\/2\/wp-content\/uploads\/2021\/09\/Gel-SYNOLIS-VA-biotechsa-mexico-480x425.jpg 480w\" sizes=\"(min-width: 0px) and (max-width: 480px) 480px, (min-width: 481px) 512px, 100vw\" \/><\/a><\/div>\t<\/div>\n<\/div>\n<\/div><\/div>\n\n<div class=\"et_pb_text_2 et_pb_text et_pb_bg_layout_light et_pb_module et_block_module\"><div class=\"et_pb_text_inner\"><p><span style=\"color: #993300;\">Synolis VA - 4ml<\/span><br \/>80 mg de \u00e1cido hialur\u00f3nico + 160 mg de sorbitol<br \/><strong><span style=\"color: #999999;\"><span style=\"text-decoration: line-through;\">$9,177<\/span>\u00a0<\/span> $6,883 MXN<\/strong><\/p>\n<\/div><\/div>\n\n<div class=\"et_pb_wc_add_to_cart_0 et_pb_wc_add_to_cart et_pb_hide_stock et_pb_fields_label_position_inline et_pb_module\"><div class=\"et_pb_module_inner\">\n\t\n\t<form class=\"cart\" action=\"https:\/\/biotechsa.com\/2\/producto\/synolis-va-4ml-acaba-con-tu-dolor-articular\/\" method=\"post\" enctype='multipart\/form-data'>\n\t\t\n\t\t<div class=\"quantity\">\n\t\t<label class=\"screen-reader-text\" for=\"quantity_69ea1bc896c6c\">SYNOLIS VA 4ml cantidad<\/label>\n\t<input\n\t\ttype=\"number\"\n\t\t\t\tid=\"quantity_69ea1bc896c6c\"\n\t\tclass=\"input-text qty text\"\n\t\tname=\"quantity\"\n\t\tvalue=\"1\"\n\t\taria-label=\"Cantidad de productos\"\n\t\t\t\tmin=\"1\"\n\t\t\t\t\t\t\tstep=\"1\"\n\t\t\tplaceholder=\"\"\n\t\t\tinputmode=\"numeric\"\n\t\t\tautocomplete=\"off\"\n\t\t\t\/>\n\t<\/div>\n\n\t\t<button type=\"submit\" name=\"add-to-cart\" value=\"7608\" class=\"single_add_to_cart_button button alt\">A\u00f1adir al carrito<\/button>\n\n\t\t\t<\/form>\n\n\t\n<\/div><\/div>\n<\/div>\n\n<div class=\"et_pb_column_3 et_pb_column et_pb_column_1_2 et-last-child et_block_column et_pb_css_mix_blend_mode_passthrough\">\n<div class=\"et_pb_wc_images_1 et_pb_wc_images et_pb_module\"><div class=\"et_pb_module_inner\"><div data-product-id=\"10769\" class=\"woocommerce-product-gallery woocommerce-product-gallery--with-images woocommerce-product-gallery--columns-4 images\" data-columns=\"4\" style=\"opacity: 0; transition: opacity .25s ease-in-out;\">\n\t<div class=\"woocommerce-product-gallery__wrapper\">\n\t\t<div data-thumb=\"https:\/\/biotechsa.com\/2\/wp-content\/uploads\/2020\/03\/Pack-Orange-transformed-100x100.png\" data-thumb-alt=\"SYNOLIS VA 2ml - M\u00e9dico\" data-thumb-srcset=\"\"  data-thumb-sizes=\"\" class=\"woocommerce-product-gallery__image\"><a href=\"https:\/\/biotechsa.com\/2\/wp-content\/uploads\/2020\/03\/Pack-Orange-transformed.png\"><img loading=\"lazy\" decoding=\"async\" width=\"600\" height=\"390\" src=\"https:\/\/biotechsa.com\/2\/wp-content\/uploads\/2020\/03\/Pack-Orange-transformed-600x390.png\" class=\"wp-post-image\" alt=\"SYNOLIS VA 2ml - M\u00e9dico\" data-caption=\"\" data-src=\"https:\/\/biotechsa.com\/2\/wp-content\/uploads\/2020\/03\/Pack-Orange-transformed.png\" data-large_image=\"https:\/\/biotechsa.com\/2\/wp-content\/uploads\/2020\/03\/Pack-Orange-transformed.png\" data-large_image_width=\"2460\" data-large_image_height=\"1600\" \/><\/a><\/div><div data-thumb=\"https:\/\/biotechsa.com\/2\/wp-content\/uploads\/2021\/09\/Gel-SYNOLIS-VA-biotechsa-mexico-100x100.jpg\" data-thumb-alt=\"SYNOLIS VA 2ml - M\u00e9dico - Image 2\" data-thumb-srcset=\"\"  data-thumb-sizes=\"\" class=\"woocommerce-product-gallery__image\"><a href=\"https:\/\/biotechsa.com\/2\/wp-content\/uploads\/2021\/09\/Gel-SYNOLIS-VA-biotechsa-mexico.jpg\"><img loading=\"lazy\" decoding=\"async\" width=\"512\" height=\"453\" src=\"https:\/\/biotechsa.com\/2\/wp-content\/uploads\/2021\/09\/Gel-SYNOLIS-VA-biotechsa-mexico.jpg\" class=\"\" alt=\"SYNOLIS VA 2ml - M\u00e9dico - Image 2\" data-caption=\"\" data-src=\"https:\/\/biotechsa.com\/2\/wp-content\/uploads\/2021\/09\/Gel-SYNOLIS-VA-biotechsa-mexico.jpg\" data-large_image=\"https:\/\/biotechsa.com\/2\/wp-content\/uploads\/2021\/09\/Gel-SYNOLIS-VA-biotechsa-mexico.jpg\" data-large_image_width=\"512\" data-large_image_height=\"453\" srcset=\"https:\/\/biotechsa.com\/2\/wp-content\/uploads\/2021\/09\/Gel-SYNOLIS-VA-biotechsa-mexico.jpg 512w, https:\/\/biotechsa.com\/2\/wp-content\/uploads\/2021\/09\/Gel-SYNOLIS-VA-biotechsa-mexico-480x425.jpg 480w\" sizes=\"(min-width: 0px) and (max-width: 480px) 480px, (min-width: 481px) 512px, 100vw\" \/><\/a><\/div>\t<\/div>\n<\/div>\n<\/div><\/div>\n\n<div class=\"et_pb_text_3 et_pb_text et_pb_bg_layout_light et_pb_module et_block_module\"><div class=\"et_pb_text_inner\"><p><span style=\"color: #ff6600;\">Synolis VA - 2ml<\/span><br \/>40 mg de \u00e1cido hialur\u00f3nico + 80 mg de sorbitol<br \/><strong><span style=\"text-decoration: line-through; color: #999999;\">$4,830 <\/span>$3,623 MXN<\/strong><\/p>\n<\/div><\/div>\n\n<div class=\"et_pb_wc_add_to_cart_1 et_pb_wc_add_to_cart et_pb_hide_stock et_pb_fields_label_position_inline et_pb_module\"><div class=\"et_pb_module_inner\">\n\t\n\t<form class=\"cart\" action=\"https:\/\/biotechsa.com\/2\/producto\/synolis-va\/\" method=\"post\" enctype='multipart\/form-data'>\n\t\t\n\t\t<div class=\"quantity\">\n\t\t<label class=\"screen-reader-text\" for=\"quantity_69ea1bc898e05\">SYNOLIS VA 2ml cantidad<\/label>\n\t<input\n\t\ttype=\"number\"\n\t\t\t\tid=\"quantity_69ea1bc898e05\"\n\t\tclass=\"input-text qty text\"\n\t\tname=\"quantity\"\n\t\tvalue=\"1\"\n\t\taria-label=\"Cantidad de productos\"\n\t\t\t\tmin=\"1\"\n\t\t\t\t\t\t\tstep=\"1\"\n\t\t\tplaceholder=\"\"\n\t\t\tinputmode=\"numeric\"\n\t\t\tautocomplete=\"off\"\n\t\t\t\/>\n\t<\/div>\n\n\t\t<button type=\"submit\" name=\"add-to-cart\" value=\"630\" class=\"single_add_to_cart_button button alt\">A\u00f1adir al carrito<\/button>\n\n\t\t\t<\/form>\n\n\t\n<\/div><\/div>\n<\/div>\n<\/div>\n<\/div>\n\n<div class=\"et_pb_section_2 et_pb_section et_section_regular et_block_section\">\n<div class=\"et_pb_row_2 et_pb_row et_block_row\">\n<div class=\"et_pb_column_4 et_pb_column et_pb_column_4_4 et-last-child et_block_column et_pb_css_mix_blend_mode_passthrough\">\n<div class=\"et_pb_text_4 et_pb_text et_pb_bg_layout_light et_pb_module et_block_module\"><div class=\"et_pb_text_inner\"><h2 style=\"text-align: center;\"><span style=\"color: #000000;\">\u00bfTienes alguna duda?<\/span><\/h2>\n<\/div><\/div>\n\n<div class=\"et_pb_module et_pb_button_module_wrapper et_pb_button_1_wrapper\"><a class=\"et_pb_button_1 et_pb_button et_pb_bg_layout_light et_pb_module et_block_module\" href=\"https:\/\/biotechsa.com\/2\/preguntas-frecuentes\/\" target=\"_blank\">Preguntas frecuentes<\/a><\/div>\n\n<div class=\"et_pb_text_5 et_pb_text et_pb_bg_layout_light et_pb_module et_block_module\"><div class=\"et_pb_text_inner\"><p style=\"text-align: center;\">o<\/p>\n<\/div><\/div>\n<\/div>\n<\/div>\n\n<div class=\"et_pb_row_3 et_pb_row et_block_row\">\n<div class=\"et_pb_column_5 et_pb_column et_pb_column_4_4 et-last-child et_block_column et_pb_css_mix_blend_mode_passthrough\">\n<div class=\"et_pb_module et_pb_button_module_wrapper et_pb_button_2_wrapper\"><a class=\"et_pb_button_2 et_pb_button et_pb_bg_layout_light et_pb_module et_block_module\" href=\"https:\/\/wa.me\/5581084660\" target=\"_blank\" rel=\"noopener\">Comun\u00edcate con nosotros<\/a><\/div>\n<\/div>\n<\/div>\n<\/div>\n\n<div class=\"et_pb_section_3 et_pb_section et_section_regular et_block_section\">\n<div class=\"et_pb_row_4 et_pb_row et_block_row\">\n<div class=\"et_pb_column_6 et_pb_column et_pb_column_4_4 et-last-child et_block_column et_pb_css_mix_blend_mode_passthrough\">\n<div class=\"et_pb_text_6 et_pb_text et_pb_bg_layout_light et_pb_module et_block_module et_pb_text_align_center\"><div class=\"et_pb_text_inner\"><p>Consulte con su m\u00e9dico sobre la aplicaci\u00f3n del producto. El procedimiento debe realizarlo un especialista como un traumat\u00f3logo, ortopedista, o fisioterapeuta.<\/p>\n<\/div><\/div>\n<\/div>\n<\/div>\n<\/div>\n\n<div class=\"et_pb_section_4 et_pb_section et_section_regular et_block_section\">\n<div class=\"et_pb_row_5 et_pb_row et_block_row\">\n<div class=\"et_pb_column_7 et_pb_column et_pb_column_1_2 et_block_column et_pb_css_mix_blend_mode_passthrough\">\n<div class=\"et_pb_image_0 et_pb_image et_pb_image_bottom_space_phone et_pb_module et_block_module\"><span class=\"et_pb_image_wrap\"><img loading=\"lazy\" decoding=\"async\" src=\"https:\/\/biotechsa.com\/2\/wp-content\/uploads\/2023\/07\/SYNOLIS-KEYVISUAL-SOCCER.png\" width=\"2552\" height=\"3198\" srcset=\"https:\/\/biotechsa.com\/2\/wp-content\/uploads\/2023\/07\/SYNOLIS-KEYVISUAL-SOCCER.png 2552w, https:\/\/biotechsa.com\/2\/wp-content\/uploads\/2023\/07\/SYNOLIS-KEYVISUAL-SOCCER-1280x1604.png 1280w, https:\/\/biotechsa.com\/2\/wp-content\/uploads\/2023\/07\/SYNOLIS-KEYVISUAL-SOCCER-980x1228.png 980w, https:\/\/biotechsa.com\/2\/wp-content\/uploads\/2023\/07\/SYNOLIS-KEYVISUAL-SOCCER-480x602.png 480w\" sizes=\"(min-width: 0px) and (max-width: 480px) 480px, (min-width: 481px) and (max-width: 980px) 980px, (min-width: 981px) and (max-width: 1280px) 1280px, (min-width: 1281px) 2552px, 100vw\" class=\"wp-image-6837 wp-image-6265\" title=\"SYNOLIS-KEYVISUAL-SOCCER\" \/><\/span><\/div>\n<\/div>\n\n<div class=\"et_pb_column_8 et_pb_column et_pb_column_1_2 et-last-child et_block_column et_pb_css_mix_blend_mode_passthrough\">\n<div class=\"et_pb_text_7 et_pb_text et_pb_bg_layout_light et_animated et_pb_module et_block_module et_pb_text_align_center-phone\"><div class=\"et_pb_text_inner\"><p>LA <strong>OSTEOARTRITIS<\/strong> ES CAUSADA POR LA <strong>DESCOMPOSICI\u00d3N DEL CART\u00cdLAGO,<\/strong> UN TEJIDO FIRME Y RESBALADIZO QUE ALIVIA LA FRICCI\u00d3N EN LAS <strong>ARTICULACIONES.<\/strong><\/p>\n<\/div><\/div>\n\n<div class=\"et_pb_text_8 et_pb_text et_pb_bg_layout_light et_animated et_pb_module et_block_module\"><div class=\"et_pb_text_inner\"><p style=\"text-align: justify;\">Puede ocurrir en cualquier articulaci\u00f3n, pero generalmente afecta las rodillas, la cadera, los hombros e incluso los dedos de las manos. Existen diversos factores que propician el desarrollo de esta enfermedad:<\/p>\n<\/div><\/div>\n\n<div class=\"et_pb_text_9 et_pb_text et_pb_bg_layout_light et_animated et_pb_module et_block_module\"><div class=\"et_pb_text_inner\"><p><strong><span style=\"color: #ff0000;\">\u00a4<\/span><\/strong> Defectos gen\u00e9ticos de las articulaciones<\/p>\n<\/div><\/div>\n\n<div class=\"et_pb_text_10 et_pb_text et_pb_bg_layout_light et_animated et_pb_module et_block_module\"><div class=\"et_pb_text_inner\"><p><strong><span style=\"color: #ff0000;\">\u00a4 <\/span><\/strong>Exceso de peso corporal<\/p>\n<\/div><\/div>\n\n<div class=\"et_pb_text_11 et_pb_text et_pb_bg_layout_light et_animated et_pb_module et_block_module\"><div class=\"et_pb_text_inner\"><p><strong><span style=\"color: #ff0000;\">\u00a4<\/span><\/strong> Factores gen\u00e9ticos hereditarios<\/p>\n<\/div><\/div>\n\n<div class=\"et_pb_text_12 et_pb_text et_pb_bg_layout_light et_animated et_pb_module et_block_module\"><div class=\"et_pb_text_inner\"><p><strong><span style=\"color: #ff0000;\">\u00a4<\/span><\/strong> Lesiones deportivas o ejercicio excesivo<\/p>\n<\/div><\/div>\n\n<div class=\"et_pb_text_13 et_pb_text et_pb_bg_layout_light et_animated et_pb_module et_block_module\"><div class=\"et_pb_text_inner\"><p><strong><span style=\"color: #ff0000;\">\u00a4<\/span><\/strong> Edad avanzada<\/p>\n<\/div><\/div>\n<\/div>\n<\/div>\n<\/div>\n\n<div class=\"et_pb_section_5 et_pb_section et_section_regular et_block_section\">\n<div class=\"et_pb_row_6 et_pb_row et_block_row\">\n<div class=\"et_pb_column_9 et_pb_column et_pb_column_4_4 et-last-child et_block_column et_pb_css_mix_blend_mode_passthrough\">\n<div class=\"et_pb_text_14 et_pb_text et_pb_bg_layout_light et_pb_module et_block_module\"><div class=\"et_pb_text_inner\"><p style=\"text-align: center;\">ALTA CONCENTRACI\u00d3N DE ANTIOXIDANTES<\/p>\n<\/div><\/div>\n<\/div>\n<\/div>\n\n<div class=\"et_pb_row_7 et_pb_row et_pb_row_4col et_block_row et_block_row_4col\">\n<div class=\"et_pb_column_10 et_pb_column et_pb_column_1_4 et_block_column et_pb_css_mix_blend_mode_passthrough\">\n<div class=\"et_pb_blurb_0 et_pb_blurb et_pb_bg_layout_light et_pb_blurb_position_top et_pb_module et_block_module preset--module--divi-blurb--default\"><div class=\"et_pb_blurb_content\"><div class=\"et_pb_main_blurb_image\"><span class=\"et_pb_image_wrap\"><span class=\"et-pb-icon et_animated et_animated\">R<\/span><\/span><\/div><div class=\"et_pb_blurb_container\"><h4 class=\"et_pb_module_header\">Gel viscoadaptivo con mejor viscosidad y elasticidad que el l\u00edquido sinovial<\/h4><\/div><\/div><\/div>\n<\/div>\n\n<div class=\"et_pb_column_11 et_pb_column et_pb_column_1_4 et_block_column et_pb_css_mix_blend_mode_passthrough\">\n<div class=\"et_pb_blurb_1 et_pb_blurb et_pb_bg_layout_light et_pb_blurb_position_top et_pb_module et_block_module preset--module--divi-blurb--default\"><div class=\"et_pb_blurb_content\"><div class=\"et_pb_main_blurb_image\"><span class=\"et_pb_image_wrap\"><span class=\"et-pb-icon et_animated et_animated\">R<\/span><\/span><\/div><div class=\"et_pb_blurb_container\"><h4 class=\"et_pb_module_header\">Efecto visco-anti\u00e1lgico \u00fanico<\/h4><\/div><\/div><\/div>\n<\/div>\n\n<div class=\"et_pb_column_12 et_pb_column et_pb_column_1_4 et_block_column et_pb_css_mix_blend_mode_passthrough\">\n<div class=\"et_pb_blurb_2 et_pb_blurb et_pb_bg_layout_light et_pb_blurb_position_top et_pb_module et_block_module preset--module--divi-blurb--default\"><div class=\"et_pb_blurb_content\"><div class=\"et_pb_main_blurb_image\"><span class=\"et_pb_image_wrap\"><span class=\"et-pb-icon et_animated et_animated\">R<\/span><\/span><\/div><div class=\"et_pb_blurb_container\"><h4 class=\"et_pb_module_header\">Gel mejorado con sorbitol<\/h4><\/div><\/div><\/div>\n<\/div>\n\n<div class=\"et_pb_column_13 et_pb_column et_pb_column_1_4 et-last-child et_block_column et_pb_css_mix_blend_mode_passthrough\">\n<div class=\"et_pb_blurb_3 et_pb_blurb et_pb_bg_layout_light et_pb_blurb_position_top et_pb_module et_block_module preset--module--divi-blurb--default\"><div class=\"et_pb_blurb_content\"><div class=\"et_pb_main_blurb_image\"><span class=\"et_pb_image_wrap\"><span class=\"et-pb-icon et_animated et_animated\">R<\/span><\/span><\/div><div class=\"et_pb_blurb_container\"><h4 class=\"et_pb_module_header\">\u00c1cido hialur\u00f3nico sin origen animal<\/h4><\/div><\/div><\/div>\n<\/div>\n<\/div>\n<\/div>\n\n<div class=\"et_pb_section_6 et_pb_section et_section_regular et_block_section section_has_divider et_pb_top_divider\"><div class=\"et_pb_top_inside_divider et-no-transition\"><\/div>\n<div class=\"et_pb_row_8 et_pb_row et_block_row\">\n<div class=\"et_pb_column_14 et_pb_column et_pb_column_4_4 et-last-child et_block_column et_pb_css_mix_blend_mode_passthrough\">\n<div class=\"et_pb_text_15 et_pb_text et_pb_bg_layout_light et_animated et_pb_module et_block_module\"><div class=\"et_pb_text_inner\"><p style=\"text-align: center;\">Gracias a su <strong>formulaci\u00f3n \u00fanica<\/strong>,<strong> SYNOLIS VA<\/strong> tiene la capacidad de transformar el<strong> l\u00edquido sinovial<\/strong> de un estado <strong>viscoso a uno el\u00e1stico<\/strong>. Esto permite un deslizamiento <strong>suave y sin fricci\u00f3n<\/strong> de las articulaciones, brindando <strong>protecci\u00f3n y alivio al cart\u00edlago afectado<\/strong><\/p>\n<\/div><\/div>\n<\/div>\n<\/div>\n<\/div>\n\n<div class=\"et_pb_section_7 et_pb_section et_pb_fullwidth_section et_section_regular et_block_section\">\n<section class=\"et_pb_fullwidth_header_0 et_pb_fullwidth_header et_pb_bg_layout_dark et_pb_text_align_left et_pb_section_parallax et_pb_module et_flex_module\"><span class=\"et-pb-parallax-wrapper\"><span class=\"et-pb-parallax-background et-pb-parallax-background-module--divi-fullwidth-header-0\" style=\"background-image:url(https:\/\/biotechsa.com\/2\/wp-content\/uploads\/2022\/10\/iStock-899010348-export_1380x712_acf_cropped.jpg);background-blend-mode:color\"><\/span><\/span><div class=\"et_pb_fullwidth_header_container left\"><div class=\"header-content-container center\"><div class=\"header-content et_flex_module\"><h1 class=\"et_pb_module_header\">\u00bfQuieres contactar algun m\u00e9dico experto en aplicaci\u00f3n de \u00e1cido hialur\u00f3nico?<\/h1><div class=\"et_pb_header_button_wrapper\"><a class=\"et_pb_button et_pb_more_button et_pb_button_one\" href=\"https:\/\/biotechsa.com\/2\/medicos-especialistas-en-infiltracion-de-acido-hialuronico\/\">Contactar m\u00e9dico<\/a><\/div><\/div><\/div><\/div><div class=\"et_pb_fullwidth_header_overlay\"><\/div><div class=\"et_pb_fullwidth_header_scroll\"><\/div><\/section>\n<\/div>\n\n<div class=\"et_pb_section_8 et_pb_section et_section_regular et_block_section\">\n<div class=\"et_pb_row_9 et_pb_row et_block_row\">\n<div class=\"et_pb_column_15 et_pb_column et_pb_column_4_4 et-last-child et_block_column et_pb_css_mix_blend_mode_passthrough\">\n<div class=\"et_pb_text_16 et_pb_text et_pb_bg_layout_light et_animated et_pb_module et_block_module et_pb_text_align_center\"><div class=\"et_pb_text_inner\"><p><strong>\u00c1cido hialur\u00f3nico al 2 % + sorbitol al 4 %<\/strong><\/p>\n<p>Una combinaci\u00f3n \u00fanica e innovadora de \u00e1cido hialur\u00f3nico y sorbitol.<\/p>\n<\/div><\/div>\n<\/div>\n<\/div>\n<\/div>","protected":false},"excerpt":{"rendered":"","protected":false},"author":2,"featured_media":4489,"parent":0,"menu_order":0,"comment_status":"closed","ping_status":"closed","template":"","meta":{"footnotes":""},"class_list":["post-529","page","type-page","status-publish","has-post-thumbnail","hentry"],"_links":{"self":[{"href":"https:\/\/biotechsa.com\/2\/wp-json\/wp\/v2\/pages\/529","targetHints":{"allow":["GET"]}}],"collection":[{"href":"https:\/\/biotechsa.com\/2\/wp-json\/wp\/v2\/pages"}],"about":[{"href":"https:\/\/biotechsa.com\/2\/wp-json\/wp\/v2\/types\/page"}],"author":[{"embeddable":true,"href":"https:\/\/biotechsa.com\/2\/wp-json\/wp\/v2\/users\/2"}],"replies":[{"embeddable":true,"href":"https:\/\/biotechsa.com\/2\/wp-json\/wp\/v2\/comments?post=529"}],"version-history":[{"count":5,"href":"https:\/\/biotechsa.com\/2\/wp-json\/wp\/v2\/pages\/529\/revisions"}],"predecessor-version":[{"id":238473,"href":"https:\/\/biotechsa.com\/2\/wp-json\/wp\/v2\/pages\/529\/revisions\/238473"}],"wp:featuredmedia":[{"embeddable":true,"href":"https:\/\/biotechsa.com\/2\/wp-json\/wp\/v2\/media\/4489"}],"wp:attachment":[{"href":"https:\/\/biotechsa.com\/2\/wp-json\/wp\/v2\/media?parent=529"}],"curies":[{"name":"wp","href":"https:\/\/api.w.org\/{rel}","templated":true}]}}