{"id":432,"date":"2020-03-11T18:50:03","date_gmt":"2020-03-11T18:50:03","guid":{"rendered":"https:\/\/biotechsa.com\/2\/?page_id=432"},"modified":"2026-05-12T14:24:43","modified_gmt":"2026-05-12T20:24:43","slug":"genex","status":"publish","type":"page","link":"https:\/\/biotechsa.com\/2\/genex\/","title":{"rendered":"Genex \u00ae"},"content":{"rendered":"<div class=\"et_pb_section_0 et_pb_section et_section_regular et_flex_section section_has_divider et_pb_bottom_divider\">\n<div class=\"et_pb_row_0 et_pb_row et_flex_row\">\n<div class=\"et_pb_column_0 et_pb_column et-last-child et_flex_column et_pb_css_mix_blend_mode_passthrough et_flex_column_24_24 et_flex_column_24_24_tablet et_flex_column_24_24_phone\">\n<div class=\"et_pb_text_0 et_pb_text et_pb_bg_layout_dark et_pb_module et_block_module et_pb_text_align_center\"><div class=\"et_pb_text_inner\"><h1>GeneX<span>\u00ae<\/span><\/h1>\n<p>Injerto \u00f3seo absorbible que estimula la regeneraci\u00f3n \u00f3sea<\/p>\n<\/div><\/div>\n<\/div>\n<\/div>\n<div class=\"et_pb_bottom_inside_divider et-no-transition\"><\/div><\/div>\n\n<div class=\"et_pb_section_1 et_pb_section et_section_regular et_flex_section\">\n<div class=\"et_pb_row_1 et_pb_row et_flex_row\">\n<div class=\"et_pb_column_1 et_pb_column et_flex_column et_pb_css_mix_blend_mode_passthrough et_flex_column_12_24 et_flex_column_12_24_tablet et_flex_column_24_24_phone\">\n<div class=\"et_pb_text_1 et_pb_text et_pb_bg_layout_light et_pb_module et_block_module\"><div class=\"et_pb_text_inner\"><h2><span style=\"color: #00ccff;\"><br \/>El injerto \u00f3seo\u00a0 que est\u00e1 redefiniendo la regeneraci\u00f3n \u00f3sea<\/span><\/h2>\n<p><span style=\"color: #00ccff;\">GeneX es un agente catalizador en la consolidaci\u00f3n \u00f3sea. Complementa el proceso de cicatrizaci\u00f3n natural y fomenta la restauraci\u00f3n normal de la estructura \u00f3sea a un ritmo constante. A los 12 meses, el injerto matriz es absorbido completamente y reemplazado por el hueso.<\/span><\/p>\n<\/div><\/div>\n<\/div>\n\n<div class=\"et_pb_column_2 et_pb_column et-last-child et_flex_column et_pb_css_mix_blend_mode_passthrough et_flex_column_12_24 et_flex_column_12_24_tablet et_flex_column_24_24_phone\">\n<div class=\"et_pb_image_0 et_pb_image et_pb_module et_block_module\"><span class=\"et_pb_image_wrap\"><img loading=\"lazy\" decoding=\"async\" src=\"https:\/\/biotechsa.com\/2\/wp-content\/uploads\/2025\/02\/GeneX-Biotechsa-angulo-corregido-v2.png\" width=\"5000\" height=\"5000\" srcset=\"https:\/\/biotechsa.com\/2\/wp-content\/uploads\/2025\/02\/GeneX-Biotechsa-angulo-corregido-v2.png 5000w, https:\/\/biotechsa.com\/2\/wp-content\/uploads\/2025\/02\/GeneX-Biotechsa-angulo-corregido-v2-1280x1280.png 1280w, https:\/\/biotechsa.com\/2\/wp-content\/uploads\/2025\/02\/GeneX-Biotechsa-angulo-corregido-v2-980x980.png 980w, https:\/\/biotechsa.com\/2\/wp-content\/uploads\/2025\/02\/GeneX-Biotechsa-angulo-corregido-v2-480x480.png 480w\" sizes=\"(min-width: 0px) and (max-width: 480px) 480px, (min-width: 481px) and (max-width: 980px) 980px, (min-width: 981px) and (max-width: 1280px) 1280px, (min-width: 1281px) 5000px, 100vw\" class=\"wp-image-9209\" title=\"GeneX Biotechsa \u00e1ngulo corregido v2\" \/><\/span><\/div>\n<\/div>\n<\/div>\n<\/div>\n\n<div class=\"et_pb_section_2 et_pb_section et_section_regular et_flex_section\">\n<div class=\"et_pb_row_2 et_pb_row et_flex_row\">\n<div class=\"et_pb_column_3 et_pb_column et_flex_column et_pb_css_mix_blend_mode_passthrough et_flex_column_8_24 et_flex_column_8_24_tablet et_flex_column_24_24_phone\">\n<div class=\"et_pb_icon_0 et_pb_icon et_pb_module et_flex_module\"><span class=\"et_pb_icon_wrap\"><span class=\"et-pb-icon\">\uf076<\/span><\/span><\/div>\n\n<div class=\"et_pb_text_2 et_pb_text et_pb_bg_layout_light et_pb_module et_flex_module\"><div class=\"et_pb_text_inner\"><h4 class=\"et_pb_module_header\" data-et-vb-editable-element=\"true\" contenteditable=\"true\" style=\"text-align: center;\"><span style=\"color: #00ccff;\">Sistema ZPC<\/span><\/h4>\n<p style=\"text-align: center;\">Gracias a su sistema ZPC (Zero Potential Charge), produce una superficie qu\u00edmica con carga negativa, mejorando la absorci\u00f3n de nutrientes, es decir, la regeneraci\u00f3n \u00f3sea.<\/p>\n<\/div><\/div>\n<\/div>\n\n<div class=\"et_pb_column_4 et_pb_column et_flex_column et_pb_css_mix_blend_mode_passthrough et_flex_column_8_24 et_flex_column_8_24_tablet et_flex_column_24_24_phone\">\n<div class=\"et_pb_icon_1 et_pb_icon et_pb_module et_flex_module\"><span class=\"et_pb_icon_wrap\"><span class=\"et-pb-icon\">\uf5cd<\/span><\/span><\/div>\n\n<div class=\"et_pb_text_3 et_pb_text et_pb_bg_layout_light et_pb_module et_flex_module\"><div class=\"et_pb_text_inner\"><h4 class=\"et_pb_module_header\" data-et-vb-editable-element=\"true\" contenteditable=\"true\" style=\"text-align: center;\"><span style=\"color: #00ccff;\">Mayor compresi\u00f3n<\/span><\/h4>\n<p style=\"text-align: center;\">GeneX tiene una resistencia a la compresi\u00f3n <strong>tres veces<\/strong> m\u00e1s fuerte que el hueso esponjoso. Cuando est\u00e1 totalmente endurecido, puede ser taladrado.<\/p>\n<\/div><\/div>\n<\/div>\n\n<div class=\"et_pb_column_5 et_pb_column et-last-child et_flex_column et_pb_css_mix_blend_mode_passthrough et_flex_column_8_24 et_flex_column_8_24_tablet et_flex_column_24_24_phone\">\n<div class=\"et_pb_icon_2 et_pb_icon et_pb_module et_flex_module\"><span class=\"et_pb_icon_wrap\"><span class=\"et-pb-icon\">\uf076<\/span><\/span><\/div>\n\n<div class=\"et_pb_text_4 et_pb_text et_pb_bg_layout_light et_pb_module et_flex_module\"><div class=\"et_pb_text_inner\"><h4 class=\"et_pb_module_header\" data-et-vb-editable-element=\"true\" contenteditable=\"true\" style=\"text-align: center;\"><span style=\"color: #00ccff;\">Regeneraci\u00f3n aumentada<\/span><\/h4>\n<p style=\"text-align: center;\">Favorece la respuesta osteog\u00e9nica para acelerar el crecimiento \u00f3seo hasta x5 veces por encima del crecimiento normal de la actividad clave de los osteoblastos.<\/p>\n<\/div><\/div>\n<\/div>\n<\/div>\n\n<div class=\"et_pb_row_3 et_pb_row et_flex_row\">\n<div class=\"et_pb_column_6 et_pb_column et-last-child et_flex_column et_pb_css_mix_blend_mode_passthrough et_flex_column_24_24 et_flex_column_24_24_tablet et_flex_column_24_24_phone\">\n<div class=\"et_pb_text_5 et_pb_text et_pb_bg_layout_light et_clickable et_pb_module et_block_module\"><div class=\"et_pb_text_inner\"><h2><span style=\"color: #00ccff;\">Versatilidad a tu alcance<\/span><\/h2>\n<p><span style=\"color: #333333;\">GeneX es un producto vers\u00e1til y f\u00e1cil de preparar. Est\u00e1 disponible en distintos vol\u00famenes. Fragua en 15 minutos a temperatura corporal y puede implantarse digitalmente o inyectarse en zonas de dif\u00edcil acceso o en procedimientos m\u00ednimamente invasivos.<\/span><\/p>\n<\/div><\/div>\n\n<div class=\"et_pb_image_1 et_pb_image et_animated et_pb_module et_block_module\"><span class=\"et_pb_image_wrap\"><img loading=\"lazy\" decoding=\"async\" src=\"https:\/\/biotechsa.com\/2\/wp-content\/uploads\/2020\/03\/genex-udated-grafica.png\" width=\"1280\" height=\"720\" srcset=\"https:\/\/biotechsa.com\/2\/wp-content\/uploads\/2020\/03\/genex-udated-grafica.png 1280w, https:\/\/biotechsa.com\/2\/wp-content\/uploads\/2020\/03\/genex-udated-grafica-980x551.png 980w, https:\/\/biotechsa.com\/2\/wp-content\/uploads\/2020\/03\/genex-udated-grafica-480x270.png 480w\" sizes=\"(min-width: 0px) and (max-width: 480px) 480px, (min-width: 481px) and (max-width: 980px) 980px, (min-width: 981px) 1280px, 100vw\" class=\"wp-image-458\" title=\"genex-udated-grafica\" \/><\/span><\/div>\n\n<div class=\"et_pb_module et_pb_button_module_wrapper et_pb_button_0_wrapper\"><a class=\"et_pb_button_0 et_pb_button et_pb_bg_layout_light et_pb_module et_block_module\" href=\"https:\/\/www.youtube.com\/watch?v=MmG2YVgT-sw\" target=\"_blank\" rel=\"noopener\">Conoce m\u00e1s<\/a><\/div>\n<\/div>\n<\/div>\n<\/div>\n\n<div class=\"et_pb_section_3 et_pb_section et_section_regular et_flex_section\">\n<div class=\"et_pb_row_4 et_pb_row et_flex_row\">\n<div class=\"et_pb_column_7 et_pb_column et-last-child et_flex_column et_pb_css_mix_blend_mode_passthrough et_flex_column_24_24 et_flex_column_24_24_tablet et_flex_column_24_24_phone\">\n<div class=\"et_pb_text_6 et_pb_text et_pb_bg_layout_light et_pb_module et_block_module\"><div class=\"et_pb_text_inner\"><p style=\"text-align: center;\"><span style=\"color: #ffffff;\">Restaura huesos fuertes y sanos dentro de un marco de tiempo cl\u00ednicamente relevante<br \/>GeneX restaura el hueso a la estructura trabecular normal en 36 semanas<\/span><\/p>\n<p>&nbsp;<\/p>\n<\/div><\/div>\n<\/div>\n<\/div>\n\n<div class=\"et_pb_row_5 et_pb_row et_flex_row\">\n<div class=\"et_pb_column_8 et_pb_column et_flex_column et_pb_css_mix_blend_mode_passthrough et_flex_column_8_24 et_flex_column_8_24_tablet et_flex_column_24_24_phone\">\n<div class=\"et_pb_image_2 et_pb_image et_pb_module et_block_module\"><span class=\"et_pb_image_wrap\"><img loading=\"lazy\" decoding=\"async\" src=\"https:\/\/biotechsa.com\/2\/wp-content\/uploads\/2020\/03\/Fractura-de-la-meseta-tibial-genex.jpg\" width=\"250\" height=\"307\" srcset=\"https:\/\/biotechsa.com\/2\/wp-content\/uploads\/2020\/03\/Fractura-de-la-meseta-tibial-genex.jpg 250w, https:\/\/biotechsa.com\/2\/wp-content\/uploads\/2020\/03\/Fractura-de-la-meseta-tibial-genex-244x300.jpg 244w\" sizes=\"(max-width: 250px) 100vw, 250px\" class=\"wp-image-454\" \/><\/span><\/div>\n\n<div class=\"et_pb_text_7 et_pb_text et_pb_bg_layout_light et_pb_module et_block_module\"><div class=\"et_pb_text_inner\"><p style=\"text-align: center;\"><span style=\"color: #ffffff;\">Fractura de la meseta tibial<\/span><\/p>\n<\/div><\/div>\n<\/div>\n\n<div class=\"et_pb_column_9 et_pb_column et_flex_column et_pb_css_mix_blend_mode_passthrough et_flex_column_8_24 et_flex_column_8_24_tablet et_flex_column_24_24_phone\">\n<div class=\"et_pb_image_3 et_pb_image et_pb_module et_block_module\"><span class=\"et_pb_image_wrap\"><img loading=\"lazy\" decoding=\"async\" src=\"https:\/\/biotechsa.com\/2\/wp-content\/uploads\/2020\/03\/Postoperatorio-genex.jpg\" width=\"250\" height=\"307\" srcset=\"https:\/\/biotechsa.com\/2\/wp-content\/uploads\/2020\/03\/Postoperatorio-genex.jpg 250w, https:\/\/biotechsa.com\/2\/wp-content\/uploads\/2020\/03\/Postoperatorio-genex-244x300.jpg 244w\" sizes=\"(max-width: 250px) 100vw, 250px\" class=\"wp-image-455\" title=\"Postoperatorio-genex\" \/><\/span><\/div>\n\n<div class=\"et_pb_text_8 et_pb_text et_pb_bg_layout_light et_pb_module et_block_module\"><div class=\"et_pb_text_inner\"><p style=\"text-align: center;\"><span style=\"color: #ffffff;\">Postoperatorio<\/span><\/p>\n<\/div><\/div>\n<\/div>\n\n<div class=\"et_pb_column_10 et_pb_column et-last-child et_flex_column et_pb_css_mix_blend_mode_passthrough et_flex_column_8_24 et_flex_column_8_24_tablet et_flex_column_24_24_phone\">\n<div class=\"et_pb_image_4 et_pb_image et_pb_module et_block_module\"><span class=\"et_pb_image_wrap\"><img loading=\"lazy\" decoding=\"async\" src=\"https:\/\/biotechsa.com\/2\/wp-content\/uploads\/2025\/02\/Tibia-sana-v2.png\" width=\"250\" height=\"307\" srcset=\"https:\/\/biotechsa.com\/2\/wp-content\/uploads\/2025\/02\/Tibia-sana-v2.png 250w, https:\/\/biotechsa.com\/2\/wp-content\/uploads\/2025\/02\/Tibia-sana-v2-244x300.png 244w\" sizes=\"(max-width: 250px) 100vw, 250px\" class=\"wp-image-9230\" title=\"Tibia sana v2\" \/><\/span><\/div>\n\n<div class=\"et_pb_text_9 et_pb_text et_pb_bg_layout_light et_pb_module et_block_module\"><div class=\"et_pb_text_inner\"><p style=\"text-align: center;\"><span style=\"color: #ffffff;\">15 meses<\/span><\/p>\n<\/div><\/div>\n<\/div>\n<\/div>\n<\/div>\n\n<div class=\"et_pb_section_4 et_pb_section et_section_regular et_flex_section\">\n<div class=\"et_pb_row_6 et_pb_row et_flex_row\">\n<div class=\"et_pb_column_11 et_pb_column et-last-child et_flex_column et_pb_css_mix_blend_mode_passthrough et_flex_column_24_24 et_flex_column_24_24_tablet et_flex_column_24_24_phone\">\n<div class=\"et_pb_text_10 et_pb_text et_pb_bg_layout_light et_pb_module et_block_module\"><div class=\"et_pb_text_inner\"><p style=\"text-align: center;\">Art\u00edculos de investigaci\u00f3n<\/p>\n<\/div><\/div>\n\n<div class=\"et_pb_blog_0 et_pb_blog et_pb_bg_layout_light et_pb_posts et_pb_module\"><div class=\"et_pb_ajax_pagination_container\"><div class=\"et_pb_posts et_grid_module\"><article class=\"et_pb_post et_pb_post_id_10512 clearfix et_pb_blog_item_0_0 post-10512 post type-post status-publish format-standard has-post-thumbnail hentry category-articulos-cientificos category-articulos-genex tag-fracturas-toracolumbares tag-genex tag-vertebroplastia\"><div class=\"et_pb_image_container\"><a href=\"https:\/\/biotechsa.com\/2\/articulos-cientificos\/articulos-genex\/refuerzo-anterior-en-fracturas-toracolumbares\/\" class=\"entry-featured-image-url\"><img loading=\"lazy\" decoding=\"async\" src=\"https:\/\/biotechsa.com\/2\/wp-content\/uploads\/2025\/12\/Toracolumbar.jpg\" width=\"400\" height=\"284\" alt=\"Refuerzo anterior en fracturas toracolumbares: el papel de los injertos \u00f3seos compuestos de calcio\" class=\"\" srcset=\"https:\/\/biotechsa.com\/2\/wp-content\/uploads\/2025\/12\/Toracolumbar.jpg 479w, https:\/\/biotechsa.com\/2\/wp-content\/uploads\/2025\/12\/Toracolumbar-400x284.jpg 480w\" sizes=\"(max-width:479px) 479px, 100vw\" \/><span data-icon=\"\ue050\" class=\"et_overlay et_pb_inline_icon\"><\/span><\/a><\/div><h2 class=\"entry-title\"><a href=\"https:\/\/biotechsa.com\/2\/articulos-cientificos\/articulos-genex\/refuerzo-anterior-en-fracturas-toracolumbares\/\">Refuerzo anterior en fracturas toracolumbares: el papel de los injertos \u00f3seos compuestos de calcio<\/a><\/h2><p class=\"post-meta\">by <span class=\"author vcard\"><a href=\"https:\/\/biotechsa.com\/2\/author\/rafael-capilla\/\" title=\"Posts by Rafael Capilla\" rel=\"author\">Rafael Capilla<\/a><\/span> | <span class=\"published\">Dic 15, 2025<\/span> | <span class=\"entry-categories\"><a href=\"https:\/\/biotechsa.com\/2\/category\/articulos-cientificos\/\" rel=\"tag\">Art\u00edculos Cient\u00edficos<\/a>, <a href=\"https:\/\/biotechsa.com\/2\/category\/articulos-cientificos\/articulos-genex\/\" rel=\"tag\">Art\u00edculos Genex<\/a><\/span><\/p><div class=\"post-content\"><div class=\"post-content-inner\"><p>El manejo quir\u00fargico de las fracturas toracolumbares por estallido contin\u00faa siendo uno de los desaf\u00edos m\u00e1s complejos dentro de la cirug\u00eda de columna. Estas lesiones no solo comprometen la estabilidad mec\u00e1nica, sino que afectan de manera directa la alineaci\u00f3n sagital y&#8230;<\/p>\n<\/div><\/div><\/article><article class=\"et_pb_post et_pb_post_id_10341 clearfix et_pb_blog_item_0_1 post-10341 post type-post status-publish format-standard has-post-thumbnail hentry category-articulos-cientificos category-articulos-genex tag-cadera tag-fracturas tag-genex\"><div class=\"et_pb_image_container\"><a href=\"https:\/\/biotechsa.com\/2\/articulos-cientificos\/articulos-genex\/fracturas-de-cadera-tratadas-con-genex\/\" class=\"entry-featured-image-url\"><img loading=\"lazy\" decoding=\"async\" src=\"https:\/\/biotechsa.com\/2\/wp-content\/uploads\/2025\/11\/Fractura-de-cadera-Dr.-Velez.webp\" width=\"400\" height=\"284\" alt=\"El poder de GeneX (\u03b2-TCP\/CaSO\u2084) para tratar fracturas de cadera inestables\" class=\"\" srcset=\"https:\/\/biotechsa.com\/2\/wp-content\/uploads\/2025\/11\/Fractura-de-cadera-Dr.-Velez.webp 479w, https:\/\/biotechsa.com\/2\/wp-content\/uploads\/2025\/11\/Fractura-de-cadera-Dr.-Velez-400x284.webp 480w\" sizes=\"(max-width:479px) 479px, 100vw\" \/><span data-icon=\"\ue050\" class=\"et_overlay et_pb_inline_icon\"><\/span><\/a><\/div><h2 class=\"entry-title\"><a href=\"https:\/\/biotechsa.com\/2\/articulos-cientificos\/articulos-genex\/fracturas-de-cadera-tratadas-con-genex\/\">El poder de GeneX (\u03b2-TCP\/CaSO\u2084) para tratar fracturas de cadera inestables<\/a><\/h2><p class=\"post-meta\">by <span class=\"author vcard\"><a href=\"https:\/\/biotechsa.com\/2\/author\/biotechsa\/\" title=\"Posts by Biotechsa\" rel=\"author\">Biotechsa<\/a><\/span> | <span class=\"published\">Nov 3, 2025<\/span> | <span class=\"entry-categories\"><a href=\"https:\/\/biotechsa.com\/2\/category\/articulos-cientificos\/\" rel=\"tag\">Art\u00edculos Cient\u00edficos<\/a>, <a href=\"https:\/\/biotechsa.com\/2\/category\/articulos-cientificos\/articulos-genex\/\" rel=\"tag\">Art\u00edculos Genex<\/a><\/span><\/p><div class=\"post-content\"><div class=\"post-content-inner\"><p>Las fracturas intertrocant\u00e9ricas inestables (fracturas de cadera) en pacientes mayores de 65 a\u00f1os contin\u00faan representando un reto terap\u00e9utico por su alta tasa de complicaciones y el riesgo de falla mec\u00e1nica del implante. El estudio elaborado por el V\u00e9lez de Lachica et&#8230;<\/p>\n<\/div><\/div><\/article><article class=\"et_pb_post et_pb_post_id_9465 clearfix et_pb_blog_item_0_2 post-9465 post type-post status-publish format-standard has-post-thumbnail hentry category-articulos-cientificos category-articulos-genex\"><div class=\"et_pb_image_container\"><a href=\"https:\/\/biotechsa.com\/2\/articulos-cientificos\/articulos-genex\/genex-%ce%b2-fosfato-tricalcico-antibioticos-una-solucion-efectiva-contra-el-biofilm-de-staphylococcus-aureus-resistente-a-la-meticilina\/\" class=\"entry-featured-image-url\"><img loading=\"lazy\" decoding=\"async\" src=\"https:\/\/biotechsa.com\/2\/wp-content\/uploads\/2025\/05\/Biofilm-bacteriano.webp\" width=\"400\" height=\"284\" alt=\"GeneX (\u03b2-fosfato tric\u00e1lcico) + antibi\u00f3ticos: \u00bfUna soluci\u00f3n efectiva contra el biofilm de Staphylococcus aureus resistente a la meticilina?\" class=\"\" srcset=\"https:\/\/biotechsa.com\/2\/wp-content\/uploads\/2025\/05\/Biofilm-bacteriano.webp 479w, https:\/\/biotechsa.com\/2\/wp-content\/uploads\/2025\/05\/Biofilm-bacteriano-400x284.webp 480w\" sizes=\"(max-width:479px) 479px, 100vw\" \/><span data-icon=\"\ue050\" class=\"et_overlay et_pb_inline_icon\"><\/span><\/a><\/div><h2 class=\"entry-title\"><a href=\"https:\/\/biotechsa.com\/2\/articulos-cientificos\/articulos-genex\/genex-%ce%b2-fosfato-tricalcico-antibioticos-una-solucion-efectiva-contra-el-biofilm-de-staphylococcus-aureus-resistente-a-la-meticilina\/\">GeneX (\u03b2-fosfato tric\u00e1lcico) + antibi\u00f3ticos: \u00bfUna soluci\u00f3n efectiva contra el biofilm de Staphylococcus aureus resistente a la meticilina?<\/a><\/h2><p class=\"post-meta\">by <span class=\"author vcard\"><a href=\"https:\/\/biotechsa.com\/2\/author\/biotechsa\/\" title=\"Posts by Biotechsa\" rel=\"author\">Biotechsa<\/a><\/span> | <span class=\"published\">May 19, 2025<\/span> | <span class=\"entry-categories\"><a href=\"https:\/\/biotechsa.com\/2\/category\/articulos-cientificos\/\" rel=\"tag\">Art\u00edculos Cient\u00edficos<\/a>, <a href=\"https:\/\/biotechsa.com\/2\/category\/articulos-cientificos\/articulos-genex\/\" rel=\"tag\">Art\u00edculos Genex<\/a><\/span><\/p><div class=\"post-content\"><div class=\"post-content-inner\"><p>El aumento de fracturas en extremidades y el envejecimiento poblacional han incrementado el uso cl\u00ednico de pr\u00f3tesis articulares y fijaciones internas. Una de las complicaciones m\u00e1s desafiantes son las infecciones asociadas a implantes, como las infecciones peri&#8230;<\/p>\n<\/div><\/div><\/article><\/div><div class=\"pagination clearfix\">\n\t<div class=\"alignleft\"><a href=\"https:\/\/biotechsa.com\/2\/wp-json\/wp\/v2\/pages\/432\/page\/2\/?et_blog\">&laquo; Older Entries<\/a><\/div>\n\t<div class=\"alignright\"><\/div>\n<\/div><\/div><\/div>\n<\/div>\n<\/div>\n<\/div>","protected":false},"excerpt":{"rendered":"","protected":false},"author":1,"featured_media":0,"parent":0,"menu_order":0,"comment_status":"closed","ping_status":"closed","template":"","meta":{"footnotes":""},"class_list":["post-432","page","type-page","status-publish","hentry"],"_links":{"self":[{"href":"https:\/\/biotechsa.com\/2\/wp-json\/wp\/v2\/pages\/432","targetHints":{"allow":["GET"]}}],"collection":[{"href":"https:\/\/biotechsa.com\/2\/wp-json\/wp\/v2\/pages"}],"about":[{"href":"https:\/\/biotechsa.com\/2\/wp-json\/wp\/v2\/types\/page"}],"author":[{"embeddable":true,"href":"https:\/\/biotechsa.com\/2\/wp-json\/wp\/v2\/users\/1"}],"replies":[{"embeddable":true,"href":"https:\/\/biotechsa.com\/2\/wp-json\/wp\/v2\/comments?post=432"}],"version-history":[{"count":5,"href":"https:\/\/biotechsa.com\/2\/wp-json\/wp\/v2\/pages\/432\/revisions"}],"predecessor-version":[{"id":238658,"href":"https:\/\/biotechsa.com\/2\/wp-json\/wp\/v2\/pages\/432\/revisions\/238658"}],"wp:attachment":[{"href":"https:\/\/biotechsa.com\/2\/wp-json\/wp\/v2\/media?parent=432"}],"curies":[{"name":"wp","href":"https:\/\/api.w.org\/{rel}","templated":true}]}}