{"id":330,"date":"2020-03-09T20:40:49","date_gmt":"2020-03-09T20:40:49","guid":{"rendered":"https:\/\/biotechsa.com\/2\/?page_id=330"},"modified":"2026-03-10T13:03:05","modified_gmt":"2026-03-10T19:03:05","slug":"productos-biotechsa","status":"publish","type":"page","link":"https:\/\/biotechsa.com\/2\/productos-biotechsa\/","title":{"rendered":"Productos"},"content":{"rendered":"<div class=\"et_pb_section_0 et_pb_section et_pb_fullwidth_section et_section_regular et_block_section\"><section class=\"et_pb_fullwidth_header_0 et_pb_fullwidth_header et_pb_bg_layout_dark et_pb_text_align_center et_pb_module et_flex_module\"><div class=\"et_pb_fullwidth_header_container center\"><div class=\"header-content-container center\"><div class=\"header-content et_flex_module\"><h1 class=\"et_pb_module_header\">Nuestros Productos<\/h1><div class=\"et_pb_header_content_wrapper\"><p>Distribuidor exclusivo de dispositivos m\u00e9dicos.<\/p>\n<p><strong>Stimulan \u00ae Genex \u00ae SYNOLIS VA \u00ae<\/strong><\/p>\n<p>&nbsp;<\/p>\n<\/div><div class=\"et_pb_header_button_wrapper\"><\/div><\/div><\/div><\/div><div class=\"et_pb_fullwidth_header_overlay\"><\/div><div class=\"et_pb_fullwidth_header_scroll\"><a class=\"scroll-down-container\" href=\"#\"><span class=\"scroll-down et-pb-icon\">;<\/span><\/a><\/div><\/section><\/div><div class=\"et_pb_section_1 et_pb_section et_section_regular et_block_section\"><div class=\"et_pb_row_0 et_pb_row et_block_row\"><div class=\"et_pb_column_0 et_pb_column et_pb_column_1_2 et_block_column et_pb_css_mix_blend_mode_passthrough\"><div class=\"et_pb_cta_0 et_pb_promo et_pb_bg_layout_dark et_pb_module et_block_module\"><div class=\"et_pb_promo_description\"><h2 class=\"et_pb_module_header\">STIMULAN<\/h2><div class=\"et_pb_promo_content\"><p style=\"text-align: center;\"><span><img loading=\"lazy\" decoding=\"async\" src=\"https:\/\/biotechsa.com\/2\/wp-content\/uploads\/2020\/03\/stimulan-biotechsa-300x169.jpg\" width=\"300\" height=\"169\" alt=\"\" class=\"wp-image-121 alignnone size-medium\" \/><\/span><\/p>\n<p style=\"text-align: center;\"><span>Sulfato de calcio 100% puro como transportador de antibi\u00f3tico para coadyuvar en el tratamiento de las infecciones de tejidos blandos y tejido \u00f3seo, totalmente reabsorbible.<\/span><\/p>\n<\/div><\/div><div class=\"et_pb_button_wrapper\"><a class=\"et_pb_button et_pb_promo_button\" href=\"https:\/\/biotechsa.com\/2\/?page_id=366\">Ver producto<\/a><\/div><\/div><\/div><div class=\"et_pb_column_1 et_pb_column et_pb_column_1_2 et-last-child et_block_column et_pb_css_mix_blend_mode_passthrough\"><div class=\"et_pb_cta_1 et_pb_promo et_pb_bg_layout_dark et_pb_module et_block_module\"><div class=\"et_pb_promo_description\"><h2 class=\"et_pb_module_header\">Genex<\/h2><div class=\"et_pb_promo_content\"><p style=\"text-align: center;\"><img loading=\"lazy\" decoding=\"async\" src=\"https:\/\/biotechsa.com\/2\/wp-content\/uploads\/2020\/11\/genex-biotechsa-com-300x259.png\" width=\"192\" height=\"166\" alt=\"\" class=\"wp-image-2271 alignnone size-medium\" \/><\/p>\n<p style=\"text-align: center;\"><span>Genex es un catalizador para la curaci\u00f3n \u00f3sea.<\/span><span>\u00a0<\/span><span>Complementa los procesos de curaci\u00f3n naturales del cuerpo y fomenta la restauraci\u00f3n de la estructura \u00f3sea normal a un ritmo constante.<\/span><\/p>\n<\/div><\/div><div class=\"et_pb_button_wrapper\"><a class=\"et_pb_button et_pb_promo_button\" href=\"https:\/\/biotechsa.com\/2\/?page_id=432\">Ver producto<\/a><\/div><\/div><\/div><\/div><\/div><div class=\"et_pb_section_2 et_pb_section et_section_regular et_block_section\"><div class=\"et_pb_row_1 et_pb_row et_block_row\"><div class=\"et_pb_column_2 et_pb_column et_pb_column_1_2 et_block_column et_pb_css_mix_blend_mode_passthrough\"><div class=\"et_pb_cta_2 et_pb_promo et_pb_bg_layout_dark et_pb_module et_block_module\"><div class=\"et_pb_promo_description\"><h2 class=\"et_pb_module_header\">SYNOLIS VA 4ml<\/h2><div class=\"et_pb_promo_content\"><p style=\"text-align: center;\"><img decoding=\"async\" src=\"https:\/\/biotechsa.com\/2\/wp-content\/uploads\/2024\/04\/Synolis_Rojo-transformed-300x195.png\" width=\"300\" height=\"195\" alt=\"\" class=\"wp-image-7609 alignnone size-medium\" loading=\"lazy\" \/><\/p>\n<p style=\"text-align: center;\"><span>\u00a0Synolis VA de 4ml es el gel inyectable ideal para tratar el dolor articular avanzado y prevenir el desgaste.<\/span><span><\/span><\/p>\n<\/div><\/div><div class=\"et_pb_button_wrapper\"><a class=\"et_pb_button et_pb_promo_button\" href=\"https:\/\/biotechsa.com\/2\/synolis-va\/\">Ver producto<\/a><\/div><\/div><\/div><div class=\"et_pb_column_3 et_pb_column et_pb_column_1_2 et-last-child et_block_column et_pb_css_mix_blend_mode_passthrough\"><div class=\"et_pb_cta_3 et_pb_promo et_pb_bg_layout_dark et_pb_module et_block_module\"><div class=\"et_pb_promo_description\"><h2 class=\"et_pb_module_header\">SYNOLIS VA 2ml<\/h2><div class=\"et_pb_promo_content\"><p style=\"text-align: center;\"><img loading=\"lazy\" decoding=\"async\" src=\"https:\/\/biotechsa.com\/2\/wp-content\/uploads\/2020\/03\/Pack-Orange-transformed-300x195.png\" width=\"300\" height=\"195\" alt=\"\" class=\"wp-image-7611 alignnone size-medium\" \/><\/p>\n<p style=\"text-align: center;\"><span>Gel inyectable inteligente que contiene \u00e1cido hialur\u00f3nico y sorbitol que act\u00faa como un l\u00edquido articular joven y saludable.<\/span><\/p>\n<\/div><\/div><div class=\"et_pb_button_wrapper\"><a class=\"et_pb_button et_pb_promo_button\" href=\"https:\/\/biotechsa.com\/2\/?page_id=529\">Ver producto<\/a><\/div><\/div><\/div><\/div><\/div><div class=\"et_pb_section_3 et_pb_section et_pb_fullwidth_section et_section_regular et_block_section\"><section class=\"et_pb_fullwidth_header_1 et_pb_fullwidth_header et_pb_bg_layout_dark et_pb_text_align_left et_pb_module et_flex_module\"><div class=\"et_pb_fullwidth_header_container left\"><div class=\"header-content-container center\"><div class=\"header-content et_flex_module\"><div class=\"et_pb_header_button_wrapper\"><\/div><\/div><\/div><\/div><div class=\"et_pb_fullwidth_header_overlay\"><\/div><div class=\"et_pb_fullwidth_header_scroll\"><\/div><\/section><\/div>","protected":false},"excerpt":{"rendered":"","protected":false},"author":2,"featured_media":0,"parent":0,"menu_order":0,"comment_status":"closed","ping_status":"closed","template":"","meta":{"footnotes":""},"class_list":["post-330","page","type-page","status-publish","hentry"],"_links":{"self":[{"href":"https:\/\/biotechsa.com\/2\/wp-json\/wp\/v2\/pages\/330","targetHints":{"allow":["GET"]}}],"collection":[{"href":"https:\/\/biotechsa.com\/2\/wp-json\/wp\/v2\/pages"}],"about":[{"href":"https:\/\/biotechsa.com\/2\/wp-json\/wp\/v2\/types\/page"}],"author":[{"embeddable":true,"href":"https:\/\/biotechsa.com\/2\/wp-json\/wp\/v2\/users\/2"}],"replies":[{"embeddable":true,"href":"https:\/\/biotechsa.com\/2\/wp-json\/wp\/v2\/comments?post=330"}],"version-history":[{"count":3,"href":"https:\/\/biotechsa.com\/2\/wp-json\/wp\/v2\/pages\/330\/revisions"}],"predecessor-version":[{"id":11262,"href":"https:\/\/biotechsa.com\/2\/wp-json\/wp\/v2\/pages\/330\/revisions\/11262"}],"wp:attachment":[{"href":"https:\/\/biotechsa.com\/2\/wp-json\/wp\/v2\/media?parent=330"}],"curies":[{"name":"wp","href":"https:\/\/api.w.org\/{rel}","templated":true}]}}