{"id":2417,"date":"2020-12-30T15:20:46","date_gmt":"2020-12-30T15:20:46","guid":{"rendered":"https:\/\/biotechsa.com\/2\/?page_id=2417"},"modified":"2026-03-10T13:03:15","modified_gmt":"2026-03-10T19:03:15","slug":"politica-de-devoluciones","status":"publish","type":"page","link":"https:\/\/biotechsa.com\/2\/politica-de-devoluciones\/","title":{"rendered":"POL\u00cdTICA DE DEVOLUCIONES"},"content":{"rendered":"<div class=\"et_pb_section_0 et_pb_section et_section_regular et_block_section\"><div class=\"et_pb_row_0 et_pb_row et_block_row\"><div class=\"et_pb_column_0 et_pb_column et_pb_column_4_4 et-last-child et_block_column et_pb_css_mix_blend_mode_passthrough\"><div class=\"et_pb_text_0 et_pb_text et_pb_bg_layout_light et_pb_module et_block_module\"><div class=\"et_pb_text_inner\"><p>POL\u00cdTICA DE DEVOLUCIONES<\/p>\n<\/div><\/div><\/div><\/div><div class=\"et_pb_row_1 et_pb_row et_block_row\"><div class=\"et_pb_column_1 et_pb_column et_pb_column_4_4 et-last-child et_block_column et_pb_css_mix_blend_mode_passthrough\"><div class=\"et_pb_text_1 et_pb_text et_pb_bg_layout_light et_pb_module et_block_module\"><div class=\"et_pb_text_inner\"><p style=\"text-align: justify;\"><strong><u>Devoluciones<\/u><\/strong><\/p>\n<p style=\"text-align: justify;\"><u><\/u><\/p>\n<p style=\"text-align: justify;\"><strong>Condiciones de Devoluci\u00f3n:<\/strong><\/p>\n<p style=\"text-align: justify;\">Tenga en cuenta que al hacer clic en<strong> \"Comprar ahora\",<\/strong> se le dirigir\u00e1 a la p\u00e1gina de pago seguro de <strong>Mercado Pago<\/strong>. Una vez realizado el pago y enviado su paquete en ruta de entrega, <strong>no se aceptar\u00e1n devoluciones ni cancelaciones de su producto.<\/strong><\/p>\n<p><strong>Puede devolver y anular su compra en l\u00ednea siempre que el producto no est\u00e9 en ruta de env\u00edo.<\/strong> Para poder optar a la devoluci\u00f3n o cancelaci\u00f3n, debes haber comprado el art\u00edculo en <strong>Biotechsa.com<\/strong><\/p>\n<p>Para m\u00e1s informaci\u00f3n p\u00f3ngase en contacto con nosotros por correo electr\u00f3nico: <strong>info@biotechsa.com<\/strong> o por WhatsApp en el 55 8108 4660.<\/p>\n<\/div><\/div><\/div><\/div><\/div>","protected":false},"excerpt":{"rendered":"","protected":false},"author":2,"featured_media":0,"parent":0,"menu_order":0,"comment_status":"closed","ping_status":"closed","template":"","meta":{"footnotes":""},"class_list":["post-2417","page","type-page","status-publish","hentry"],"_links":{"self":[{"href":"https:\/\/biotechsa.com\/2\/wp-json\/wp\/v2\/pages\/2417","targetHints":{"allow":["GET"]}}],"collection":[{"href":"https:\/\/biotechsa.com\/2\/wp-json\/wp\/v2\/pages"}],"about":[{"href":"https:\/\/biotechsa.com\/2\/wp-json\/wp\/v2\/types\/page"}],"author":[{"embeddable":true,"href":"https:\/\/biotechsa.com\/2\/wp-json\/wp\/v2\/users\/2"}],"replies":[{"embeddable":true,"href":"https:\/\/biotechsa.com\/2\/wp-json\/wp\/v2\/comments?post=2417"}],"version-history":[{"count":1,"href":"https:\/\/biotechsa.com\/2\/wp-json\/wp\/v2\/pages\/2417\/revisions"}],"predecessor-version":[{"id":11267,"href":"https:\/\/biotechsa.com\/2\/wp-json\/wp\/v2\/pages\/2417\/revisions\/11267"}],"wp:attachment":[{"href":"https:\/\/biotechsa.com\/2\/wp-json\/wp\/v2\/media?parent=2417"}],"curies":[{"name":"wp","href":"https:\/\/api.w.org\/{rel}","templated":true}]}}